{"id":3042,"date":"2019-02-09T19:55:12","date_gmt":"2019-02-10T02:55:12","guid":{"rendered":"https:\/\/natureaventure.ca\/en\/?page_id=3042"},"modified":"2023-05-29T11:50:58","modified_gmt":"2023-05-29T18:50:58","slug":"events","status":"publish","type":"page","link":"https:\/\/natureaventure.ca\/en\/events\/","title":{"rendered":"EVENTS"},"content":{"rendered":"<p>[vc_row full_width=&#8221;stretch_row&#8221; el_class=&#8221;bg-activite-parallax&#8221; css=&#8221;.vc_custom_1685386225826{background-image: url(https:\/\/natureaventure.ca\/wp-content\/uploads\/d\u00e9part-e1549388280493.jpg?id=3820) !important;background-position: center !important;background-repeat: no-repeat !important;background-size: cover !important;}&#8221;][vc_column][vc_column_text css=&#8221;.vc_custom_1617790586787{margin-top: 120px !important;margin-bottom: 50px !important;padding-top: 10px !important;padding-right: 10px !important;padding-bottom: 30px !important;padding-left: 10px !important;background-color: rgba(0,0,0,0.75) !important;*background-color: rgb(0,0,0) !important;}&#8221;]<\/p>\n<h1 style=\"text-align: center;\">Events<\/h1>\n<p>[\/vc_column_text][vc_tta_tabs spacing=&#8221;&#8221; active_section=&#8221;1&#8243; no_fill_content_area=&#8221;true&#8221;][vc_tta_section title=&#8221;Challenge MLP&#8221; tab_id=&#8221;challenge-mlp&#8221;][vc_row_inner][vc_column_inner][vc_column_text]<\/p>\n<h2 class=\"emphase emphase-2\" style=\"text-align: center;\">Challenge Matap\u00e9dia &amp; les Plateaux\u2026<br \/>\n<strong>\u00a0 \u00a0 \u00a0 initiative de<\/strong>\u00a0Matap\u00e9dia les Plateaux en Action\u2009!<\/h2>\n<p><img loading=\"lazy\" decoding=\"async\" class=\"size-full wp-image-3983 alignleft\" src=\"https:\/\/natureaventure.ca\/wp-content\/uploads\/logo-challenge-mlp.png\" alt=\"\" width=\"300\" height=\"172\" \/><\/p>\n<p>In order to highlight our beautiful outdoor region and to promote physical activity, the Matapedia &amp; Plateaux en Action organization is organizing an off-road adventure race for a 4<sup>th<\/sup> consecutive year.<\/p>\n<h2><span style=\"font-weight: 400;\">Le 12 Septembre 2021<\/span><\/h2>\n<p>MLP Challenge is a one day adventure race taking place in the <a href=\"https:\/\/matapedialesplateaux.com\/\">Matapedia and Plateaux territory<\/a> which is located at the junction of the Matapedia Valley, the Baie-des-Chaleurs and New Brunswick. This year we offer <a href=\"https:\/\/natureaventure.ca\/en\/events\/\">2\u00a0categories<\/a> of courses with 3\u00a0disciplines and events, including trail running, mountain biking and canoeing, all done in teams of two. The three\u00a0disciplines are interspersed with several checkpoints in the wilderness, and sometimes difficult to access. We have some surprises in store for the 2021 edition.<\/p>\n<p>2\u00a0categories: The <strong><a href=\"https:\/\/natureaventure.ca\/en\/events\/\"><em>38\u00a0km<\/em><\/a> <\/strong>and the <strong><a href=\"https:\/\/natureaventure.ca\/en\/events\/\"><em>55\u00a0km<\/em>\u00a0<\/a><\/strong><\/p>\n<p>This category, the <strong>38\u00a0km<\/strong> Challenge Matap\u00e9dia &amp; les Plateaux is open to all! You will have to <u>run<\/u>, <u>mountain bike<\/u> and <u>canoe<\/u> in duo for approximately 38\u00a0km during your day. You must be in a team of 2 to participate. All along the course, you will have to find checkpoints to punch your logbook.<\/p>\n<p>The <strong>55\u00a0km<\/strong> Challenge Matap\u00e9dia &amp; les Plateaux is also open to all, but with an additional difficulty. You will have to <u>run<\/u> approximately the same distance as the 35\u00a0km. The <u>mountain bike<\/u> is the event that increases the most in difficulty. The <u>canoe<\/u> also contains an additional challenge. The checkpoints will also be more numerous.<\/p>\n<p>You must be in a <strong>team of 2<\/strong> to participate.<\/p>\n<p>We strongly recommend that you train before attending. The playing field is mountainous and diverse.[\/vc_column_text][\/vc_column_inner][\/vc_row_inner][vc_row_inner][vc_column_inner][vc_column_text]<em>Schedule for September\u00a012, 2021: <\/em><em>INFORMATION TO COME<\/em><em>\u00a0<\/em><\/p>\n<ul>\n<li>Registration:<\/li>\n<li>Handing out the documentation and race kit<\/li>\n<li>Equipment check in<\/li>\n<li>Warming and final preparations for your team<\/li>\n<li>Welcome and pre-start instructions by the organizers<\/li>\n<li>Start of the challenge\n<ul>\n<li>for the 55\u00a0km scheduled for<\/li>\n<li>for the 38\u00a0km scheduled for<\/li>\n<\/ul>\n<\/li>\n<li>Announcement of the winners and awarding of prizes at (subject to change)<\/li>\n<\/ul>\n<p>[\/vc_column_text][\/vc_column_inner][\/vc_row_inner][vc_row_inner el_class=&#8221;block-activity&#8221;][vc_column_inner width=&#8221;2\/3&#8243;][vc_column_text]<\/p>\n<h3><strong>The 38 KM<\/strong><\/h3>\n<p><strong>Price :<\/strong> 95 $\/person (tax in)[\/vc_column_text][\/vc_column_inner][vc_column_inner width=&#8221;1\/3&#8243;][vc_single_image image=&#8221;3820&#8243; img_size=&#8221;420*420&#8243; css=&#8221;.vc_custom_1616974540120{margin-bottom: 0px !important;padding-bottom: 0px !important;}&#8221;][\/vc_column_inner][\/vc_row_inner][vc_row_inner el_class=&#8221;block-activity&#8221;][vc_column_inner width=&#8221;2\/3&#8243;][vc_column_text]<\/p>\n<h3><strong>The 55 KM<br \/>\n<\/strong><\/h3>\n<p><strong>Price<\/strong><span style=\"font-weight: 400;\"><strong> :<\/strong> 110 $\/person (tax in)<\/span>[\/vc_column_text][\/vc_column_inner][vc_column_inner width=&#8221;1\/3&#8243;][vc_single_image image=&#8221;3818&#8243; img_size=&#8221;420*420&#8243; css=&#8221;.vc_custom_1616974619921{margin-bottom: 0px !important;padding-bottom: 0px !important;}&#8221;][\/vc_column_inner][\/vc_row_inner][\/vc_tta_section][vc_tta_section title=&#8221;Adventure Races&#8221; tab_id=&#8221;adventure-races&#8221;][vc_row_inner][vc_column_inner][\/vc_column_inner][\/vc_row_inner][vc_row_inner][vc_column_inner][vc_column_text]<\/p>\n<h1 style=\"text-align: center;\">D\u00c9FI N\u00c9PISIGUIT<\/h1>\n<h3 style=\"text-align: center;\">WILL YOU DARE?<\/h3>\n<p><img loading=\"lazy\" decoding=\"async\" class=\"size-medium wp-image-4582 alignleft\" src=\"https:\/\/natureaventure.ca\/wp-content\/uploads\/\/medium_DNC_event_cover-500x281.jpeg\" alt=\"\" width=\"500\" height=\"281\" srcset=\"https:\/\/natureaventure.ca\/wp-content\/uploads\/medium_DNC_event_cover-500x281.jpeg 500w, https:\/\/natureaventure.ca\/wp-content\/uploads\/medium_DNC_event_cover-768x432.jpeg 768w, https:\/\/natureaventure.ca\/wp-content\/uploads\/medium_DNC_event_cover.jpeg 889w\" sizes=\"auto, (max-width: 500px) 100vw, 500px\" \/><\/p>\n<p>&nbsp;<\/p>\n<p>The <a href=\"https:\/\/www.definepisiguitchallenge.com\/accueil\">D\u00e9fi Nepisiguit Challenge<\/a> is a two-day adventure race hosted in Northeast New Brunswick and includes a combination of trekking, orienteering, mountain biking and canoeing.<\/p>\n<p>The City of Bathurst organizes the D\u00e9fi Nepisiguit Challenge.The event is also sanctioned by the Canadian Adventure Racing Association.<\/p>\n<p>Contact Information:<br \/>\n<a href=\"mailto:info@definepisiguitchallenge.com\">info@definepisiguitchallenge.com\u00a0<\/a><br \/>\n<a href=\"http:\/\/www.definepisiguitchallenge.com\" target=\"_blank\" rel=\"noopener\">www.definepisiguitchallenge.com\u00a0<\/a><br \/>\n<a href=\"tel:+15065440439\">506-544-0439<\/a>[\/vc_column_text][\/vc_column_inner][\/vc_row_inner][\/vc_tta_section][vc_tta_section title=&#8221;Festivals \/ Others&#8221; tab_id=&#8221;festivals-others&#8221;][vc_row_inner][vc_column_inner][vc_column_text]<\/p>\n<p style=\"text-align: center;\"><b>\u00a0( information to come)<\/b><\/p>\n<p>[\/vc_column_text][\/vc_column_inner][\/vc_row_inner][\/vc_tta_section][\/vc_tta_tabs][\/vc_column][\/vc_row]<\/p>\n","protected":false},"excerpt":{"rendered":"<p>[vc_row full_width=&#8221;stretch_row&#8221; el_class=&#8221;bg-activite-parallax&#8221; css=&#8221;.vc_custom_1685386225826{background-image: url(https:\/\/natureaventure.ca\/wp-content\/uploads\/d\u00e9part-e1549388280493.jpg?id=3820) !important;background-position: center !important;background-repeat: no-repeat !important;background-size: cover !important;}&#8221;][vc_column][vc_column_text css=&#8221;.vc_custom_1617790586787{margin-top: 120px !important;margin-bottom: 50px !important;padding-top: 10px !important;padding-right: 10px !important;padding-bottom: 30px !important;padding-left: 10px !important;background-color: rgba(0,0,0,0.75) !important;*background-color: rgb(0,0,0) !important;}&#8221;] Events [\/vc_column_text][vc_tta_tabs spacing=&#8221;&#8221; active_section=&#8221;1&#8243; no_fill_content_area=&#8221;true&#8221;][vc_tta_section title=&#8221;Challenge MLP&#8221; tab_id=&#8221;challenge-mlp&#8221;][vc_row_inner][vc_column_inner][vc_column_text] Challenge Matap\u00e9dia &amp; les Plateaux\u2026 \u00a0 \u00a0 \u00a0 initiative de\u00a0Matap\u00e9dia les Plateaux en Action\u2009! In order to highlight [&hellip;]<\/p>\n","protected":false},"author":8,"featured_media":3817,"parent":0,"menu_order":0,"comment_status":"closed","ping_status":"closed","template":"","meta":{"_acf_changed":false,"footnotes":""},"class_list":["post-3042","page","type-page","status-publish","has-post-thumbnail","hentry"],"acf":[],"yoast_head":"<!-- This site is optimized with the Yoast SEO plugin v27.5 - https:\/\/yoast.com\/product\/yoast-seo-wordpress\/ -->\n<title>EVENTS | Nature Aventure, Matap\u00e9dia, QC<\/title>\n<meta name=\"robots\" content=\"index, follow, max-snippet:-1, max-image-preview:large, max-video-preview:-1\" \/>\n<link rel=\"canonical\" href=\"https:\/\/natureaventure.ca\/en\/events\/\" \/>\n<meta property=\"og:locale\" content=\"en_US\" \/>\n<meta property=\"og:type\" content=\"article\" \/>\n<meta property=\"og:title\" content=\"EVENTS | Nature Aventure, Matap\u00e9dia, QC\" \/>\n<meta property=\"og:description\" content=\"[vc_row full_width=&#8221;stretch_row&#8221; el_class=&#8221;bg-activite-parallax&#8221; css=&#8221;.vc_custom_1685386225826{background-image: url(https:\/\/natureaventure.ca\/wp-content\/uploads\/d\u00e9part-e1549388280493.jpg?id=3820) !important;background-position: center !important;background-repeat: no-repeat !important;background-size: cover !important;}&#8221;][vc_column][vc_column_text css=&#8221;.vc_custom_1617790586787{margin-top: 120px !important;margin-bottom: 50px !important;padding-top: 10px !important;padding-right: 10px !important;padding-bottom: 30px !important;padding-left: 10px !important;background-color: rgba(0,0,0,0.75) !important;*background-color: rgb(0,0,0) !important;}&#8221;] Events [\/vc_column_text][vc_tta_tabs spacing=&#8221;&#8221; active_section=&#8221;1&#8243; no_fill_content_area=&#8221;true&#8221;][vc_tta_section title=&#8221;Challenge MLP&#8221; tab_id=&#8221;challenge-mlp&#8221;][vc_row_inner][vc_column_inner][vc_column_text] Challenge Matap\u00e9dia &amp; les Plateaux\u2026 \u00a0 \u00a0 \u00a0 initiative de\u00a0Matap\u00e9dia les Plateaux en Action\u2009! In order to highlight [&hellip;]\" \/>\n<meta property=\"og:url\" content=\"https:\/\/natureaventure.ca\/en\/events\/\" \/>\n<meta property=\"og:site_name\" content=\"Nature Aventure, Matap\u00e9dia, QC\" \/>\n<meta property=\"article:publisher\" content=\"https:\/\/www.facebook.com\/NatureAventure\/\" \/>\n<meta property=\"article:modified_time\" content=\"2023-05-29T18:50:58+00:00\" \/>\n<meta property=\"og:image\" content=\"https:\/\/natureaventure.ca\/wp-content\/uploads\/25-aout-2019.jpg\" \/>\n\t<meta property=\"og:image:width\" content=\"820\" \/>\n\t<meta property=\"og:image:height\" content=\"312\" \/>\n\t<meta property=\"og:image:type\" content=\"image\/jpeg\" \/>\n<meta name=\"twitter:card\" content=\"summary_large_image\" \/>\n<meta name=\"twitter:site\" content=\"@nature_aventure\" \/>\n<meta name=\"twitter:label1\" content=\"Est. reading time\" \/>\n\t<meta name=\"twitter:data1\" content=\"3 minutes\" \/>\n<script type=\"application\/ld+json\" class=\"yoast-schema-graph\">{\"@context\":\"https:\\\/\\\/schema.org\",\"@graph\":[{\"@type\":\"WebPage\",\"@id\":\"https:\\\/\\\/natureaventure.ca\\\/en\\\/events\\\/\",\"url\":\"https:\\\/\\\/natureaventure.ca\\\/en\\\/events\\\/\",\"name\":\"EVENTS | Nature Aventure, Matap\u00e9dia, QC\",\"isPartOf\":{\"@id\":\"https:\\\/\\\/natureaventure.ca\\\/en\\\/#website\"},\"primaryImageOfPage\":{\"@id\":\"https:\\\/\\\/natureaventure.ca\\\/en\\\/events\\\/#primaryimage\"},\"image\":{\"@id\":\"https:\\\/\\\/natureaventure.ca\\\/en\\\/events\\\/#primaryimage\"},\"thumbnailUrl\":\"https:\\\/\\\/natureaventure.ca\\\/wp-content\\\/uploads\\\/25-aout-2019.jpg\",\"datePublished\":\"2019-02-10T02:55:12+00:00\",\"dateModified\":\"2023-05-29T18:50:58+00:00\",\"breadcrumb\":{\"@id\":\"https:\\\/\\\/natureaventure.ca\\\/en\\\/events\\\/#breadcrumb\"},\"inLanguage\":\"en-US\",\"potentialAction\":[{\"@type\":\"ReadAction\",\"target\":[\"https:\\\/\\\/natureaventure.ca\\\/en\\\/events\\\/\"]}]},{\"@type\":\"ImageObject\",\"inLanguage\":\"en-US\",\"@id\":\"https:\\\/\\\/natureaventure.ca\\\/en\\\/events\\\/#primaryimage\",\"url\":\"https:\\\/\\\/natureaventure.ca\\\/wp-content\\\/uploads\\\/25-aout-2019.jpg\",\"contentUrl\":\"https:\\\/\\\/natureaventure.ca\\\/wp-content\\\/uploads\\\/25-aout-2019.jpg\",\"width\":820,\"height\":312},{\"@type\":\"BreadcrumbList\",\"@id\":\"https:\\\/\\\/natureaventure.ca\\\/en\\\/events\\\/#breadcrumb\",\"itemListElement\":[{\"@type\":\"ListItem\",\"position\":1,\"name\":\"Accueil\",\"item\":\"https:\\\/\\\/natureaventure.ca\\\/en\\\/\"},{\"@type\":\"ListItem\",\"position\":2,\"name\":\"EVENTS\"}]},{\"@type\":\"WebSite\",\"@id\":\"https:\\\/\\\/natureaventure.ca\\\/en\\\/#website\",\"url\":\"https:\\\/\\\/natureaventure.ca\\\/en\\\/\",\"name\":\"Nature Aventure, Matap\u00e9dia, QC\",\"description\":\"Canoe & Kayak, Matap\u00e9dia, Qu\u00e9bec\",\"potentialAction\":[{\"@type\":\"SearchAction\",\"target\":{\"@type\":\"EntryPoint\",\"urlTemplate\":\"https:\\\/\\\/natureaventure.ca\\\/en\\\/?s={search_term_string}\"},\"query-input\":{\"@type\":\"PropertyValueSpecification\",\"valueRequired\":true,\"valueName\":\"search_term_string\"}}],\"inLanguage\":\"en-US\"}]}<\/script>\n<!-- \/ Yoast SEO plugin. -->","yoast_head_json":{"title":"EVENTS | Nature Aventure, Matap\u00e9dia, QC","robots":{"index":"index","follow":"follow","max-snippet":"max-snippet:-1","max-image-preview":"max-image-preview:large","max-video-preview":"max-video-preview:-1"},"canonical":"https:\/\/natureaventure.ca\/en\/events\/","og_locale":"en_US","og_type":"article","og_title":"EVENTS | Nature Aventure, Matap\u00e9dia, QC","og_description":"[vc_row full_width=&#8221;stretch_row&#8221; el_class=&#8221;bg-activite-parallax&#8221; css=&#8221;.vc_custom_1685386225826{background-image: url(https:\/\/natureaventure.ca\/wp-content\/uploads\/d\u00e9part-e1549388280493.jpg?id=3820) !important;background-position: center !important;background-repeat: no-repeat !important;background-size: cover !important;}&#8221;][vc_column][vc_column_text css=&#8221;.vc_custom_1617790586787{margin-top: 120px !important;margin-bottom: 50px !important;padding-top: 10px !important;padding-right: 10px !important;padding-bottom: 30px !important;padding-left: 10px !important;background-color: rgba(0,0,0,0.75) !important;*background-color: rgb(0,0,0) !important;}&#8221;] Events [\/vc_column_text][vc_tta_tabs spacing=&#8221;&#8221; active_section=&#8221;1&#8243; no_fill_content_area=&#8221;true&#8221;][vc_tta_section title=&#8221;Challenge MLP&#8221; tab_id=&#8221;challenge-mlp&#8221;][vc_row_inner][vc_column_inner][vc_column_text] Challenge Matap\u00e9dia &amp; les Plateaux\u2026 \u00a0 \u00a0 \u00a0 initiative de\u00a0Matap\u00e9dia les Plateaux en Action\u2009! In order to highlight [&hellip;]","og_url":"https:\/\/natureaventure.ca\/en\/events\/","og_site_name":"Nature Aventure, Matap\u00e9dia, QC","article_publisher":"https:\/\/www.facebook.com\/NatureAventure\/","article_modified_time":"2023-05-29T18:50:58+00:00","og_image":[{"width":820,"height":312,"url":"https:\/\/natureaventure.ca\/wp-content\/uploads\/25-aout-2019.jpg","type":"image\/jpeg"}],"twitter_card":"summary_large_image","twitter_site":"@nature_aventure","twitter_misc":{"Est. reading time":"3 minutes"},"schema":{"@context":"https:\/\/schema.org","@graph":[{"@type":"WebPage","@id":"https:\/\/natureaventure.ca\/en\/events\/","url":"https:\/\/natureaventure.ca\/en\/events\/","name":"EVENTS | Nature Aventure, Matap\u00e9dia, QC","isPartOf":{"@id":"https:\/\/natureaventure.ca\/en\/#website"},"primaryImageOfPage":{"@id":"https:\/\/natureaventure.ca\/en\/events\/#primaryimage"},"image":{"@id":"https:\/\/natureaventure.ca\/en\/events\/#primaryimage"},"thumbnailUrl":"https:\/\/natureaventure.ca\/wp-content\/uploads\/25-aout-2019.jpg","datePublished":"2019-02-10T02:55:12+00:00","dateModified":"2023-05-29T18:50:58+00:00","breadcrumb":{"@id":"https:\/\/natureaventure.ca\/en\/events\/#breadcrumb"},"inLanguage":"en-US","potentialAction":[{"@type":"ReadAction","target":["https:\/\/natureaventure.ca\/en\/events\/"]}]},{"@type":"ImageObject","inLanguage":"en-US","@id":"https:\/\/natureaventure.ca\/en\/events\/#primaryimage","url":"https:\/\/natureaventure.ca\/wp-content\/uploads\/25-aout-2019.jpg","contentUrl":"https:\/\/natureaventure.ca\/wp-content\/uploads\/25-aout-2019.jpg","width":820,"height":312},{"@type":"BreadcrumbList","@id":"https:\/\/natureaventure.ca\/en\/events\/#breadcrumb","itemListElement":[{"@type":"ListItem","position":1,"name":"Accueil","item":"https:\/\/natureaventure.ca\/en\/"},{"@type":"ListItem","position":2,"name":"EVENTS"}]},{"@type":"WebSite","@id":"https:\/\/natureaventure.ca\/en\/#website","url":"https:\/\/natureaventure.ca\/en\/","name":"Nature Aventure, Matap\u00e9dia, QC","description":"Canoe & Kayak, Matap\u00e9dia, Qu\u00e9bec","potentialAction":[{"@type":"SearchAction","target":{"@type":"EntryPoint","urlTemplate":"https:\/\/natureaventure.ca\/en\/?s={search_term_string}"},"query-input":{"@type":"PropertyValueSpecification","valueRequired":true,"valueName":"search_term_string"}}],"inLanguage":"en-US"}]}},"_links":{"self":[{"href":"https:\/\/natureaventure.ca\/en\/wp-json\/wp\/v2\/pages\/3042","targetHints":{"allow":["GET"]}}],"collection":[{"href":"https:\/\/natureaventure.ca\/en\/wp-json\/wp\/v2\/pages"}],"about":[{"href":"https:\/\/natureaventure.ca\/en\/wp-json\/wp\/v2\/types\/page"}],"author":[{"embeddable":true,"href":"https:\/\/natureaventure.ca\/en\/wp-json\/wp\/v2\/users\/8"}],"replies":[{"embeddable":true,"href":"https:\/\/natureaventure.ca\/en\/wp-json\/wp\/v2\/comments?post=3042"}],"version-history":[{"count":0,"href":"https:\/\/natureaventure.ca\/en\/wp-json\/wp\/v2\/pages\/3042\/revisions"}],"wp:featuredmedia":[{"embeddable":true,"href":"https:\/\/natureaventure.ca\/en\/wp-json\/wp\/v2\/media\/3817"}],"wp:attachment":[{"href":"https:\/\/natureaventure.ca\/en\/wp-json\/wp\/v2\/media?parent=3042"}],"curies":[{"name":"wp","href":"https:\/\/api.w.org\/{rel}","templated":true}]}}