{"id":2450,"date":"2016-06-16T19:09:44","date_gmt":"2016-06-17T02:09:44","guid":{"rendered":"https:\/\/natureaventure.ca\/en\/?page_id=2450"},"modified":"2024-04-11T08:59:29","modified_gmt":"2024-04-11T15:59:29","slug":"booking","status":"publish","type":"page","link":"https:\/\/natureaventure.ca\/en\/booking\/","title":{"rendered":"ONLINE BOOKING FOR ACTIVITIES, ACCOMMODATIONS &amp; OTHER SERVICES"},"content":{"rendered":"\n<div class=\"wp-block-group\"><div class=\"wp-block-group__inner-container is-layout-constrained wp-block-group-is-layout-constrained\">\n<p class=\"has-text-align-center\">Feel free to contact us for all inquiries:<\/p>\n\n\n\n<div class=\"wp-block-buttons is-content-justification-center is-layout-flex wp-container-core-buttons-is-layout-16018d1d wp-block-buttons-is-layout-flex\">\n<div class=\"wp-block-button\"><a class=\"wp-block-button__link wp-element-button\" href=\"tel:+14188653554\">(418) 865-3554<\/a><\/div>\n\n\n\n<div class=\"wp-block-button\"><a class=\"wp-block-button__link wp-element-button\" href=\"mailto:info@natureaventure.ca\">info@natureaventure.ca<\/a><\/div>\n<\/div>\n\n\n\n<p class=\"has-text-align-center\"><strong>Thanks for having a look at our:<\/strong><\/p>\n\n\n\n<div class=\"wp-block-buttons mt0 is-content-justification-center is-layout-flex wp-container-core-buttons-is-layout-16018d1d wp-block-buttons-is-layout-flex\">\n<div class=\"wp-block-button\"><a class=\"wp-block-button__link wp-element-button\" href=\"https:\/\/natureaventure.ca\/en\/reservation-and-cancellation-policy\/\">Cancellation and refund policy<\/a><\/div>\n<\/div>\n<\/div><\/div>\n\n\n\n<div style=\"height:100px\" aria-hidden=\"true\" class=\"wp-block-spacer\"><\/div>\n\n\n\t\t<div>\n\n\t\t\t<div id=\"header\">\n\t\t      <iframe loading=\"lazy\" id=\"reservotron-shopping-cart\" src=\"https:\/\/reservotron.com\/nature-aventure\/widgets\/cart\" frameborder=\"0\" width=\"170\" height=\"70\"><\/iframe>\n\t\t    <\/div>\n\n\t\t\t<div id=\"rsvt-wrapper\" style=\"margin:0 auto; overflow:hidden; padding:0px 0px;\">\n\t\t\t\t<div id=\"reservotron-store-content-wrapper\" style=\"position:relative;height:893px;\">\n\t\t\t\t\t\t\t\t\t\t<iframe id=\"reservotron-store-content\" frameborder=\"0\" style=\"position:absolute;top:0;left:0;height:100%;width:100%\" scrolling=\"yes\" src=\"https:\/\/reservotron.com\/nature-aventure\/\"><\/iframe>\n\t\t\t\t<\/div>\n\t\t    <\/div>\n\n\t\t    <script type=\"text\/javascript\">\n\t\t    \twindow.rsvtAccountSlug = 'nature-aventure';\n\t\t\t<\/script>\n\t\t    <script async type=\"text\/javascript\" src=\"https:\/\/reservotron.com\/assets\/widget.js\"><\/script>\n\n\t\t<\/div>\n\t\t\n","protected":false},"excerpt":{"rendered":"<p>Feel free to contact us for all inquiries: Thanks for having a look at our:<\/p>\n","protected":false},"author":8,"featured_media":7052,"parent":0,"menu_order":0,"comment_status":"closed","ping_status":"closed","template":"","meta":{"_acf_changed":false,"footnotes":""},"class_list":["post-2450","page","type-page","status-publish","has-post-thumbnail","hentry"],"acf":[],"yoast_head":"<!-- This site is optimized with the Yoast SEO plugin v27.4 - https:\/\/yoast.com\/product\/yoast-seo-wordpress\/ -->\n<title>ONLINE BOOKING FOR ACTIVITIES, ACCOMMODATIONS &amp; OTHER SERVICES | Nature Aventure, Matap\u00e9dia, QC<\/title>\n<meta name=\"robots\" content=\"index, follow, max-snippet:-1, max-image-preview:large, max-video-preview:-1\" \/>\n<link rel=\"canonical\" href=\"https:\/\/natureaventure.ca\/en\/booking\/\" \/>\n<meta property=\"og:locale\" content=\"en_US\" \/>\n<meta property=\"og:type\" content=\"article\" \/>\n<meta property=\"og:title\" content=\"ONLINE BOOKING FOR ACTIVITIES, ACCOMMODATIONS &amp; OTHER SERVICES | Nature Aventure, Matap\u00e9dia, QC\" \/>\n<meta property=\"og:description\" content=\"Feel free to contact us for all inquiries: Thanks for having a look at our:\" \/>\n<meta property=\"og:url\" content=\"https:\/\/natureaventure.ca\/en\/booking\/\" \/>\n<meta property=\"og:site_name\" content=\"Nature Aventure, Matap\u00e9dia, QC\" \/>\n<meta property=\"article:publisher\" content=\"https:\/\/www.facebook.com\/NatureAventure\/\" \/>\n<meta property=\"article:modified_time\" content=\"2024-04-11T15:59:29+00:00\" \/>\n<meta property=\"og:image\" content=\"https:\/\/natureaventure.ca\/wp-content\/uploads\/fallsbrook.jpg\" \/>\n\t<meta property=\"og:image:width\" content=\"1795\" \/>\n\t<meta property=\"og:image:height\" content=\"1197\" \/>\n\t<meta property=\"og:image:type\" content=\"image\/jpeg\" \/>\n<meta name=\"twitter:card\" content=\"summary_large_image\" \/>\n<meta name=\"twitter:site\" content=\"@nature_aventure\" \/>\n<meta name=\"twitter:label1\" content=\"Est. reading time\" \/>\n\t<meta name=\"twitter:data1\" content=\"1 minute\" \/>\n<script type=\"application\/ld+json\" class=\"yoast-schema-graph\">{\"@context\":\"https:\\\/\\\/schema.org\",\"@graph\":[{\"@type\":\"WebPage\",\"@id\":\"https:\\\/\\\/natureaventure.ca\\\/en\\\/booking\\\/\",\"url\":\"https:\\\/\\\/natureaventure.ca\\\/en\\\/booking\\\/\",\"name\":\"ONLINE BOOKING FOR ACTIVITIES, ACCOMMODATIONS &amp; OTHER SERVICES | Nature Aventure, Matap\u00e9dia, QC\",\"isPartOf\":{\"@id\":\"https:\\\/\\\/natureaventure.ca\\\/en\\\/#website\"},\"primaryImageOfPage\":{\"@id\":\"https:\\\/\\\/natureaventure.ca\\\/en\\\/booking\\\/#primaryimage\"},\"image\":{\"@id\":\"https:\\\/\\\/natureaventure.ca\\\/en\\\/booking\\\/#primaryimage\"},\"thumbnailUrl\":\"https:\\\/\\\/natureaventure.ca\\\/wp-content\\\/uploads\\\/fallsbrook.jpg\",\"datePublished\":\"2016-06-17T02:09:44+00:00\",\"dateModified\":\"2024-04-11T15:59:29+00:00\",\"breadcrumb\":{\"@id\":\"https:\\\/\\\/natureaventure.ca\\\/en\\\/booking\\\/#breadcrumb\"},\"inLanguage\":\"en-US\",\"potentialAction\":[{\"@type\":\"ReadAction\",\"target\":[\"https:\\\/\\\/natureaventure.ca\\\/en\\\/booking\\\/\"]}]},{\"@type\":\"ImageObject\",\"inLanguage\":\"en-US\",\"@id\":\"https:\\\/\\\/natureaventure.ca\\\/en\\\/booking\\\/#primaryimage\",\"url\":\"https:\\\/\\\/natureaventure.ca\\\/wp-content\\\/uploads\\\/fallsbrook.jpg\",\"contentUrl\":\"https:\\\/\\\/natureaventure.ca\\\/wp-content\\\/uploads\\\/fallsbrook.jpg\",\"width\":1795,\"height\":1197},{\"@type\":\"BreadcrumbList\",\"@id\":\"https:\\\/\\\/natureaventure.ca\\\/en\\\/booking\\\/#breadcrumb\",\"itemListElement\":[{\"@type\":\"ListItem\",\"position\":1,\"name\":\"Accueil\",\"item\":\"https:\\\/\\\/natureaventure.ca\\\/en\\\/\"},{\"@type\":\"ListItem\",\"position\":2,\"name\":\"ONLINE BOOKING FOR ACTIVITIES, ACCOMMODATIONS &amp; OTHER SERVICES\"}]},{\"@type\":\"WebSite\",\"@id\":\"https:\\\/\\\/natureaventure.ca\\\/en\\\/#website\",\"url\":\"https:\\\/\\\/natureaventure.ca\\\/en\\\/\",\"name\":\"Nature Aventure, Matap\u00e9dia, QC\",\"description\":\"Canoe & Kayak, Matap\u00e9dia, Qu\u00e9bec\",\"potentialAction\":[{\"@type\":\"SearchAction\",\"target\":{\"@type\":\"EntryPoint\",\"urlTemplate\":\"https:\\\/\\\/natureaventure.ca\\\/en\\\/?s={search_term_string}\"},\"query-input\":{\"@type\":\"PropertyValueSpecification\",\"valueRequired\":true,\"valueName\":\"search_term_string\"}}],\"inLanguage\":\"en-US\"}]}<\/script>\n<!-- \/ Yoast SEO plugin. -->","yoast_head_json":{"title":"ONLINE BOOKING FOR ACTIVITIES, ACCOMMODATIONS &amp; OTHER SERVICES | Nature Aventure, Matap\u00e9dia, QC","robots":{"index":"index","follow":"follow","max-snippet":"max-snippet:-1","max-image-preview":"max-image-preview:large","max-video-preview":"max-video-preview:-1"},"canonical":"https:\/\/natureaventure.ca\/en\/booking\/","og_locale":"en_US","og_type":"article","og_title":"ONLINE BOOKING FOR ACTIVITIES, ACCOMMODATIONS &amp; OTHER SERVICES | Nature Aventure, Matap\u00e9dia, QC","og_description":"Feel free to contact us for all inquiries: Thanks for having a look at our:","og_url":"https:\/\/natureaventure.ca\/en\/booking\/","og_site_name":"Nature Aventure, Matap\u00e9dia, QC","article_publisher":"https:\/\/www.facebook.com\/NatureAventure\/","article_modified_time":"2024-04-11T15:59:29+00:00","og_image":[{"width":1795,"height":1197,"url":"https:\/\/natureaventure.ca\/wp-content\/uploads\/fallsbrook.jpg","type":"image\/jpeg"}],"twitter_card":"summary_large_image","twitter_site":"@nature_aventure","twitter_misc":{"Est. reading time":"1 minute"},"schema":{"@context":"https:\/\/schema.org","@graph":[{"@type":"WebPage","@id":"https:\/\/natureaventure.ca\/en\/booking\/","url":"https:\/\/natureaventure.ca\/en\/booking\/","name":"ONLINE BOOKING FOR ACTIVITIES, ACCOMMODATIONS &amp; OTHER SERVICES | Nature Aventure, Matap\u00e9dia, QC","isPartOf":{"@id":"https:\/\/natureaventure.ca\/en\/#website"},"primaryImageOfPage":{"@id":"https:\/\/natureaventure.ca\/en\/booking\/#primaryimage"},"image":{"@id":"https:\/\/natureaventure.ca\/en\/booking\/#primaryimage"},"thumbnailUrl":"https:\/\/natureaventure.ca\/wp-content\/uploads\/fallsbrook.jpg","datePublished":"2016-06-17T02:09:44+00:00","dateModified":"2024-04-11T15:59:29+00:00","breadcrumb":{"@id":"https:\/\/natureaventure.ca\/en\/booking\/#breadcrumb"},"inLanguage":"en-US","potentialAction":[{"@type":"ReadAction","target":["https:\/\/natureaventure.ca\/en\/booking\/"]}]},{"@type":"ImageObject","inLanguage":"en-US","@id":"https:\/\/natureaventure.ca\/en\/booking\/#primaryimage","url":"https:\/\/natureaventure.ca\/wp-content\/uploads\/fallsbrook.jpg","contentUrl":"https:\/\/natureaventure.ca\/wp-content\/uploads\/fallsbrook.jpg","width":1795,"height":1197},{"@type":"BreadcrumbList","@id":"https:\/\/natureaventure.ca\/en\/booking\/#breadcrumb","itemListElement":[{"@type":"ListItem","position":1,"name":"Accueil","item":"https:\/\/natureaventure.ca\/en\/"},{"@type":"ListItem","position":2,"name":"ONLINE BOOKING FOR ACTIVITIES, ACCOMMODATIONS &amp; OTHER SERVICES"}]},{"@type":"WebSite","@id":"https:\/\/natureaventure.ca\/en\/#website","url":"https:\/\/natureaventure.ca\/en\/","name":"Nature Aventure, Matap\u00e9dia, QC","description":"Canoe & Kayak, Matap\u00e9dia, Qu\u00e9bec","potentialAction":[{"@type":"SearchAction","target":{"@type":"EntryPoint","urlTemplate":"https:\/\/natureaventure.ca\/en\/?s={search_term_string}"},"query-input":{"@type":"PropertyValueSpecification","valueRequired":true,"valueName":"search_term_string"}}],"inLanguage":"en-US"}]}},"_links":{"self":[{"href":"https:\/\/natureaventure.ca\/en\/wp-json\/wp\/v2\/pages\/2450","targetHints":{"allow":["GET"]}}],"collection":[{"href":"https:\/\/natureaventure.ca\/en\/wp-json\/wp\/v2\/pages"}],"about":[{"href":"https:\/\/natureaventure.ca\/en\/wp-json\/wp\/v2\/types\/page"}],"author":[{"embeddable":true,"href":"https:\/\/natureaventure.ca\/en\/wp-json\/wp\/v2\/users\/8"}],"replies":[{"embeddable":true,"href":"https:\/\/natureaventure.ca\/en\/wp-json\/wp\/v2\/comments?post=2450"}],"version-history":[{"count":0,"href":"https:\/\/natureaventure.ca\/en\/wp-json\/wp\/v2\/pages\/2450\/revisions"}],"wp:featuredmedia":[{"embeddable":true,"href":"https:\/\/natureaventure.ca\/en\/wp-json\/wp\/v2\/media\/7052"}],"wp:attachment":[{"href":"https:\/\/natureaventure.ca\/en\/wp-json\/wp\/v2\/media?parent=2450"}],"curies":[{"name":"wp","href":"https:\/\/api.w.org\/{rel}","templated":true}]}}