{"id":1350,"date":"2015-01-11T12:47:50","date_gmt":"2015-01-11T19:47:50","guid":{"rendered":"https:\/\/natureaventure.ca\/?page_id=1350"},"modified":"2025-11-14T10:43:20","modified_gmt":"2025-11-14T17:43:20","slug":"matapedia-gaspesie-attractions","status":"publish","type":"page","link":"https:\/\/natureaventure.ca\/en\/matapedia-gaspesie-attractions\/","title":{"rendered":"WHAT TO DO AROUND MATAPEDIA? \/ TOURIST ATTRACTIONS"},"content":{"rendered":"\n<div class=\"wp-block-group has-color-1-color has-text-color has-background has-link-color wp-elements-3d4c5bd6fcd27db2d1860d9c5c1d26c6\" style=\"background-color:#000000cc\"><div class=\"wp-block-group__inner-container is-layout-constrained wp-block-group-is-layout-constrained\">\n<h2 class=\"wp-block-heading has-text-align-center mb0\">HUNTING &amp; FISHING<\/h2>\n<\/div><\/div>\n\n\n\n<div class=\"wp-block-group\"><div class=\"wp-block-group__inner-container is-layout-constrained wp-block-group-is-layout-constrained\">\n<p><strong>Matapedia River Lodge <em>(Routhierville)<\/em><\/strong><\/p>\n\n\n\n<p>Salmon fishing, hunting, outdoors activities and lodge.<\/p>\n\n\n\n<ul class=\"wp-block-list\">\n<li><a href=\"https:\/\/aubergedelarivierematapedia.com\/\" target=\"_blank\" rel=\"noreferrer noopener\">Website&nbsp;<em>(French only)<\/em>&nbsp;\u00bb<\/a><\/li>\n\n\n\n<li><a href=\"mailto:contact@aubergedelarivierematapedia.com\">contact@aubergedelarivierematapedia.com<\/a><\/li>\n\n\n\n<li>Tel: (418)756-3174<\/li>\n\n\n\n<li>Routhierville, Qc<\/li>\n<\/ul>\n<\/div><\/div>\n\n\n\n<div class=\"wp-block-group\"><div class=\"wp-block-group__inner-container is-layout-constrained wp-block-group-is-layout-constrained\">\n<h3 class=\"wp-block-heading\">Corporation de Gestion des Rivi\u00e8res Matap\u00e9dia et Patap\u00e9dia (CGRMP)<\/h3>\n\n\n\n<p>The CGRMP is the manager of the Matapedia and Patapedia River Wildlife Reserve, the Duni\u00e8re Wildlife Reserve and the <em>Chutes et Marais<\/em> site, a 100% natural salmon observation site.<\/p>\n\n\n\n<p><a href=\"https:\/\/rivierematapedia.com\/en\/\" target=\"_blank\" rel=\"noreferrer noopener\">Visit their website<\/a>&nbsp;to know everything about fishing permits and public fishing areas.<\/p>\n\n\n\n<ul class=\"wp-block-list\">\n<li>Poste d&#8217;accueil de Matap\u00e9dia<br>2 rue des Saumons, Matap\u00e9dia (Qu\u00e9bec)&nbsp; G0J 1V0<\/li>\n\n\n\n<li><a href=\"https:\/\/rivierematapedia.com\/accueil.html\" target=\"_blank\" rel=\"noreferrer noopener\">Site web \u00bb<\/a><\/li>\n\n\n\n<li><a href=\"mailto:accueil.matapedia@cgrmp.com\">accueil.matapedia@cgrmp.com<\/a><\/li>\n\n\n\n<li>Tel:&nbsp;<a href=\"tel:+14188652080\">418 865-2080<\/a><\/li>\n<\/ul>\n<\/div><\/div>\n\n\n\n<div class=\"wp-block-group has-color-1-color has-text-color has-background has-link-color wp-elements-41415b46c88ac19959dc6ebb198008b1\" style=\"background-color:#000000cc\"><div class=\"wp-block-group__inner-container is-layout-constrained wp-block-group-is-layout-constrained\">\n<h2 class=\"wp-block-heading has-text-align-center mb0\">NATURAL SITES &amp; LANDSCAPE<\/h2>\n<\/div><\/div>\n\n\n\n<div class=\"wp-block-group\"><div class=\"wp-block-group__inner-container is-layout-constrained wp-block-group-is-layout-constrained\">\n<p>Without being a park, the inhabitants have created a humanized and preserved environment, characterized by an agro-forestry landscape between valleys and plateaus, all crisscrossed by beautiful country roads. For several years, the municipalities have developed various tourist attractions easily accessible to visitors, places whose beauty was long kept secret.<\/p>\n\n\n\n<p>Today, photographers, authors of guidebooks and specialized films come to these places to immortalize a point of view or an emotion of freedom.<\/p>\n<\/div><\/div>\n\n\n\n<div class=\"wp-block-group\"><div class=\"wp-block-group__inner-container is-layout-constrained wp-block-group-is-layout-constrained\">\n<div class=\"wp-block-columns is-layout-flex wp-container-core-columns-is-layout-9d6595d7 wp-block-columns-is-layout-flex\">\n<div class=\"wp-block-column is-layout-flow wp-block-column-is-layout-flow\"><div class=\"wp-block-image\">\n<figure class=\"alignleft\"><img loading=\"lazy\" decoding=\"async\" width=\"300\" height=\"200\" src=\"https:\/\/natureaventure.ca\/wp-content\/uploads\/\/RDB-LogoRGB-300x200.png\" alt=\"\" class=\"wp-image-3976\" title=\"Attraits touristiques du Belv\u00e9d\u00e8re Horizon de R\u00e8ve\"\/><\/figure>\n<\/div>\n\n\n<figure class=\"wp-block-gallery has-nested-images columns-4 is-cropped wp-block-gallery-2 is-layout-flex wp-block-gallery-is-layout-flex\">\n<figure class=\"wp-block-image\"><a href=\"https:\/\/natureaventure.ca\/wp-content\/uploads\/\/faq3.jpg\" data-lbwps-width=\"600\" data-lbwps-height=\"450\" data-lbwps-srcsmall=\"https:\/\/natureaventure.ca\/wp-content\/uploads\/faq3-500x375.jpg\"><img decoding=\"async\" src=\"https:\/\/natureaventure.ca\/wp-content\/uploads\/\/faq3-500x375.jpg\" alt=\"\"\/><\/a><\/figure>\n\n\n\n<figure class=\"wp-block-image\"><a href=\"https:\/\/natureaventure.ca\/wp-content\/uploads\/\/faq2.jpg\" data-lbwps-width=\"600\" data-lbwps-height=\"450\" data-lbwps-srcsmall=\"https:\/\/natureaventure.ca\/wp-content\/uploads\/faq2-500x375.jpg\"><img decoding=\"async\" src=\"https:\/\/natureaventure.ca\/wp-content\/uploads\/\/faq2-500x375.jpg\" alt=\"\"\/><\/a><\/figure>\n\n\n\n<figure class=\"wp-block-image\"><a href=\"https:\/\/natureaventure.ca\/wp-content\/uploads\/\/faq4.jpg\" data-lbwps-width=\"600\" data-lbwps-height=\"450\" data-lbwps-srcsmall=\"https:\/\/natureaventure.ca\/wp-content\/uploads\/faq4-500x375.jpg\"><img decoding=\"async\" src=\"https:\/\/natureaventure.ca\/wp-content\/uploads\/\/faq4-500x375.jpg\" alt=\"\"\/><\/a><\/figure>\n\n\n\n<figure class=\"wp-block-image\"><a href=\"https:\/\/natureaventure.ca\/wp-content\/uploads\/\/faq5.jpg\" data-lbwps-width=\"600\" data-lbwps-height=\"450\" data-lbwps-srcsmall=\"https:\/\/natureaventure.ca\/wp-content\/uploads\/faq5-500x375.jpg\"><img decoding=\"async\" src=\"https:\/\/natureaventure.ca\/wp-content\/uploads\/\/faq5-500x375.jpg\" alt=\"\"\/><\/a><\/figure>\n\n\n\n<figure class=\"wp-block-image\"><a href=\"https:\/\/natureaventure.ca\/wp-content\/uploads\/\/faq6.jpg\" data-lbwps-width=\"600\" data-lbwps-height=\"450\" data-lbwps-srcsmall=\"https:\/\/natureaventure.ca\/wp-content\/uploads\/faq6-500x375.jpg\"><img decoding=\"async\" src=\"https:\/\/natureaventure.ca\/wp-content\/uploads\/\/faq6-500x375.jpg\" alt=\"\"\/><\/a><\/figure>\n\n\n\n<figure class=\"wp-block-image\"><a href=\"https:\/\/natureaventure.ca\/wp-content\/uploads\/\/faq7.jpg\" data-lbwps-width=\"600\" data-lbwps-height=\"450\" data-lbwps-srcsmall=\"https:\/\/natureaventure.ca\/wp-content\/uploads\/faq7-500x375.jpg\"><img decoding=\"async\" src=\"https:\/\/natureaventure.ca\/wp-content\/uploads\/\/faq7-500x375.jpg\" alt=\"\"\/><\/a><\/figure>\n\n\n\n<figure class=\"wp-block-image\"><a href=\"https:\/\/natureaventure.ca\/wp-content\/uploads\/\/faq8.jpg\" data-lbwps-width=\"600\" data-lbwps-height=\"450\" data-lbwps-srcsmall=\"https:\/\/natureaventure.ca\/wp-content\/uploads\/faq8-500x375.jpg\"><img decoding=\"async\" src=\"https:\/\/natureaventure.ca\/wp-content\/uploads\/\/faq8-500x375.jpg\" alt=\"\"\/><\/a><\/figure>\n<\/figure>\n<\/div>\n\n\n\n<div class=\"wp-block-column is-layout-flow wp-block-column-is-layout-flow\">\n<h3 class=\"wp-block-heading\">Route des Belv\u00e9d\u00e8res Matap\u00e9dia-et-les-Plateaux<\/h3>\n\n\n\n<p>Major attractions in the Matap\u00e9dia-et-les-Plateaux region, in the southeastern part of the Gasp\u00e9 Peninsula, the first two&nbsp;architecturally exceptional structures of the future Belvedere road offer visitors a spectacular view of the mountain and river landscape.<\/p>\n\n\n\n<ul class=\"wp-block-list\">\n<li><a href=\"https:\/\/routedesbelvederes.com\/\" target=\"_blank\" rel=\"noreferrer noopener\">Website \u00bb<\/a><\/li>\n\n\n\n<li><a href=\"mailto:info@routedesbelvederes.com\">Email \u00bb<\/a><\/li>\n\n\n\n<li>Address : 4-C Boul. Perron Est, Matapedia (Qc), G0J 1V0<\/li>\n<\/ul>\n\n\n\n<p>Viewpoint accessibility: daybreak to dusk<\/p>\n\n\n\n<p>The Carrefour d\u2019accueil is closed until the next season 2021<\/p>\n\n\n\n<p>The Lookout Route project is carried out by the Matap\u00e9dia-et-les-Plateaux Economic Development Corporation<\/p>\n<\/div>\n<\/div>\n<\/div><\/div>\n\n\n\n<div class=\"wp-block-group\"><div class=\"wp-block-group__inner-container is-layout-constrained wp-block-group-is-layout-constrained\">\n<h3 class=\"wp-block-heading\">ATV trails<\/h3>\n\n\n\n<p>Passing through all the municipalities of Matap\u00e9dia-et-les-Plateaux, the ATV trails will give you a colorful experience. There is nothing like ATVing to cover hundreds of kilometers, discovering the superb panoramas of mountains and rivers!<\/p>\n\n\n\n<p>The trails of the&nbsp;<a href=\"https:\/\/pointealacroix.com\/organisation\/consultation\/FA9A43AA-6E02-43FF-B58B-F40B57F74BD6\" target=\"_blank\" rel=\"noreferrer noopener nofollow\">Club quad Avignon Ouest<\/a>&nbsp;will allow you to join the network of trails of the ATV Club of the Matap\u00e9dia via a 35&nbsp;km course which starts in L\u2019Ascension-de-Patap\u00e9dia. At the eastern end of Saint-Andr\u00e9-de-Restigouche, trails will take you to the Pointe-\u00e0-la-Croix sector.<\/p>\n<\/div><\/div>\n\n\n\n<div class=\"wp-block-group\"><div class=\"wp-block-group__inner-container is-layout-constrained wp-block-group-is-layout-constrained\">\n<h2 class=\"wp-block-heading has-text-align-center\">SEEKING ACCOMMODATION?<\/h2>\n\n\n\n<div class=\"wp-block-buttons is-content-justification-center is-layout-flex wp-container-core-buttons-is-layout-16018d1d wp-block-buttons-is-layout-flex\">\n<div class=\"wp-block-button\"><a class=\"wp-block-button__link wp-element-button\" href=\"https:\/\/natureaventure.ca\/camping-parc-adams\/\">CAMPING \/ RV \u00bb<\/a><\/div>\n\n\n\n<div class=\"wp-block-button\"><a class=\"wp-block-button__link wp-element-button\" href=\"https:\/\/natureaventure.ca\/hebergement-matapedia\/\">ALTERNATIVES TO CAMPING \u00bb<\/a><\/div>\n<\/div>\n<\/div><\/div>\n","protected":false},"excerpt":{"rendered":"<p>HUNTING &amp; FISHING Matapedia River Lodge (Routhierville) Salmon fishing, hunting, outdoors activities and lodge. Corporation de Gestion des Rivi\u00e8res Matap\u00e9dia et Patap\u00e9dia (CGRMP) The CGRMP is the manager of the Matapedia and Patapedia River Wildlife Reserve, the Duni\u00e8re Wildlife Reserve and the Chutes et Marais site, a 100% natural salmon observation site. Visit their website&nbsp;to [&hellip;]<\/p>\n","protected":false},"author":5,"featured_media":0,"parent":0,"menu_order":0,"comment_status":"closed","ping_status":"closed","template":"","meta":{"_acf_changed":false,"footnotes":""},"class_list":["post-1350","page","type-page","status-publish","hentry"],"acf":[],"yoast_head":"<!-- This site is optimized with the Yoast SEO plugin v27.4 - https:\/\/yoast.com\/product\/yoast-seo-wordpress\/ -->\n<title>WHAT TO DO AROUND MATAPEDIA? \/ TOURIST ATTRACTIONS | Nature Aventure, Matap\u00e9dia, QC<\/title>\n<meta name=\"robots\" content=\"index, follow, max-snippet:-1, max-image-preview:large, max-video-preview:-1\" \/>\n<link rel=\"canonical\" href=\"https:\/\/natureaventure.ca\/en\/matapedia-gaspesie-attractions\/\" \/>\n<meta property=\"og:locale\" content=\"en_US\" \/>\n<meta property=\"og:type\" content=\"article\" \/>\n<meta property=\"og:title\" content=\"WHAT TO DO AROUND MATAPEDIA? \/ TOURIST ATTRACTIONS | Nature Aventure, Matap\u00e9dia, QC\" \/>\n<meta property=\"og:description\" content=\"HUNTING &amp; FISHING Matapedia River Lodge (Routhierville) Salmon fishing, hunting, outdoors activities and lodge. Corporation de Gestion des Rivi\u00e8res Matap\u00e9dia et Patap\u00e9dia (CGRMP) The CGRMP is the manager of the Matapedia and Patapedia River Wildlife Reserve, the Duni\u00e8re Wildlife Reserve and the Chutes et Marais site, a 100% natural salmon observation site. Visit their website&nbsp;to [&hellip;]\" \/>\n<meta property=\"og:url\" content=\"https:\/\/natureaventure.ca\/en\/matapedia-gaspesie-attractions\/\" \/>\n<meta property=\"og:site_name\" content=\"Nature Aventure, Matap\u00e9dia, QC\" \/>\n<meta property=\"article:publisher\" content=\"https:\/\/www.facebook.com\/NatureAventure\/\" \/>\n<meta property=\"article:modified_time\" content=\"2025-11-14T17:43:20+00:00\" \/>\n<meta property=\"og:image\" content=\"https:\/\/natureaventure.ca\/wp-content\/uploads\/RDB-LogoRGB.png\" \/>\n\t<meta property=\"og:image:width\" content=\"2100\" \/>\n\t<meta property=\"og:image:height\" content=\"2100\" \/>\n\t<meta property=\"og:image:type\" content=\"image\/png\" \/>\n<meta name=\"twitter:card\" content=\"summary_large_image\" \/>\n<meta name=\"twitter:site\" content=\"@nature_aventure\" \/>\n<meta name=\"twitter:label1\" content=\"Est. reading time\" \/>\n\t<meta name=\"twitter:data1\" content=\"4 minutes\" \/>\n<script type=\"application\/ld+json\" class=\"yoast-schema-graph\">{\"@context\":\"https:\\\/\\\/schema.org\",\"@graph\":[{\"@type\":\"WebPage\",\"@id\":\"https:\\\/\\\/natureaventure.ca\\\/en\\\/matapedia-gaspesie-attractions\\\/\",\"url\":\"https:\\\/\\\/natureaventure.ca\\\/en\\\/matapedia-gaspesie-attractions\\\/\",\"name\":\"WHAT TO DO AROUND MATAPEDIA? \\\/ TOURIST ATTRACTIONS | Nature Aventure, Matap\u00e9dia, QC\",\"isPartOf\":{\"@id\":\"https:\\\/\\\/natureaventure.ca\\\/en\\\/#website\"},\"primaryImageOfPage\":{\"@id\":\"https:\\\/\\\/natureaventure.ca\\\/en\\\/matapedia-gaspesie-attractions\\\/#primaryimage\"},\"image\":{\"@id\":\"https:\\\/\\\/natureaventure.ca\\\/en\\\/matapedia-gaspesie-attractions\\\/#primaryimage\"},\"thumbnailUrl\":\"https:\\\/\\\/natureaventure.ca\\\/wp-content\\\/uploads\\\/\\\/RDB-LogoRGB-300x200.png\",\"datePublished\":\"2015-01-11T19:47:50+00:00\",\"dateModified\":\"2025-11-14T17:43:20+00:00\",\"breadcrumb\":{\"@id\":\"https:\\\/\\\/natureaventure.ca\\\/en\\\/matapedia-gaspesie-attractions\\\/#breadcrumb\"},\"inLanguage\":\"en-US\",\"potentialAction\":[{\"@type\":\"ReadAction\",\"target\":[\"https:\\\/\\\/natureaventure.ca\\\/en\\\/matapedia-gaspesie-attractions\\\/\"]}]},{\"@type\":\"ImageObject\",\"inLanguage\":\"en-US\",\"@id\":\"https:\\\/\\\/natureaventure.ca\\\/en\\\/matapedia-gaspesie-attractions\\\/#primaryimage\",\"url\":\"https:\\\/\\\/natureaventure.ca\\\/wp-content\\\/uploads\\\/\\\/RDB-LogoRGB-300x200.png\",\"contentUrl\":\"https:\\\/\\\/natureaventure.ca\\\/wp-content\\\/uploads\\\/\\\/RDB-LogoRGB-300x200.png\"},{\"@type\":\"BreadcrumbList\",\"@id\":\"https:\\\/\\\/natureaventure.ca\\\/en\\\/matapedia-gaspesie-attractions\\\/#breadcrumb\",\"itemListElement\":[{\"@type\":\"ListItem\",\"position\":1,\"name\":\"Accueil\",\"item\":\"https:\\\/\\\/natureaventure.ca\\\/en\\\/\"},{\"@type\":\"ListItem\",\"position\":2,\"name\":\"WHAT TO DO AROUND MATAPEDIA? \\\/ TOURIST ATTRACTIONS\"}]},{\"@type\":\"WebSite\",\"@id\":\"https:\\\/\\\/natureaventure.ca\\\/en\\\/#website\",\"url\":\"https:\\\/\\\/natureaventure.ca\\\/en\\\/\",\"name\":\"Nature Aventure, Matap\u00e9dia, QC\",\"description\":\"Canoe & Kayak, Matap\u00e9dia, Qu\u00e9bec\",\"potentialAction\":[{\"@type\":\"SearchAction\",\"target\":{\"@type\":\"EntryPoint\",\"urlTemplate\":\"https:\\\/\\\/natureaventure.ca\\\/en\\\/?s={search_term_string}\"},\"query-input\":{\"@type\":\"PropertyValueSpecification\",\"valueRequired\":true,\"valueName\":\"search_term_string\"}}],\"inLanguage\":\"en-US\"}]}<\/script>\n<!-- \/ Yoast SEO plugin. -->","yoast_head_json":{"title":"WHAT TO DO AROUND MATAPEDIA? \/ TOURIST ATTRACTIONS | Nature Aventure, Matap\u00e9dia, QC","robots":{"index":"index","follow":"follow","max-snippet":"max-snippet:-1","max-image-preview":"max-image-preview:large","max-video-preview":"max-video-preview:-1"},"canonical":"https:\/\/natureaventure.ca\/en\/matapedia-gaspesie-attractions\/","og_locale":"en_US","og_type":"article","og_title":"WHAT TO DO AROUND MATAPEDIA? \/ TOURIST ATTRACTIONS | Nature Aventure, Matap\u00e9dia, QC","og_description":"HUNTING &amp; FISHING Matapedia River Lodge (Routhierville) Salmon fishing, hunting, outdoors activities and lodge. Corporation de Gestion des Rivi\u00e8res Matap\u00e9dia et Patap\u00e9dia (CGRMP) The CGRMP is the manager of the Matapedia and Patapedia River Wildlife Reserve, the Duni\u00e8re Wildlife Reserve and the Chutes et Marais site, a 100% natural salmon observation site. Visit their website&nbsp;to [&hellip;]","og_url":"https:\/\/natureaventure.ca\/en\/matapedia-gaspesie-attractions\/","og_site_name":"Nature Aventure, Matap\u00e9dia, QC","article_publisher":"https:\/\/www.facebook.com\/NatureAventure\/","article_modified_time":"2025-11-14T17:43:20+00:00","og_image":[{"width":2100,"height":2100,"url":"https:\/\/natureaventure.ca\/wp-content\/uploads\/RDB-LogoRGB.png","type":"image\/png"}],"twitter_card":"summary_large_image","twitter_site":"@nature_aventure","twitter_misc":{"Est. reading time":"4 minutes"},"schema":{"@context":"https:\/\/schema.org","@graph":[{"@type":"WebPage","@id":"https:\/\/natureaventure.ca\/en\/matapedia-gaspesie-attractions\/","url":"https:\/\/natureaventure.ca\/en\/matapedia-gaspesie-attractions\/","name":"WHAT TO DO AROUND MATAPEDIA? \/ TOURIST ATTRACTIONS | Nature Aventure, Matap\u00e9dia, QC","isPartOf":{"@id":"https:\/\/natureaventure.ca\/en\/#website"},"primaryImageOfPage":{"@id":"https:\/\/natureaventure.ca\/en\/matapedia-gaspesie-attractions\/#primaryimage"},"image":{"@id":"https:\/\/natureaventure.ca\/en\/matapedia-gaspesie-attractions\/#primaryimage"},"thumbnailUrl":"https:\/\/natureaventure.ca\/wp-content\/uploads\/\/RDB-LogoRGB-300x200.png","datePublished":"2015-01-11T19:47:50+00:00","dateModified":"2025-11-14T17:43:20+00:00","breadcrumb":{"@id":"https:\/\/natureaventure.ca\/en\/matapedia-gaspesie-attractions\/#breadcrumb"},"inLanguage":"en-US","potentialAction":[{"@type":"ReadAction","target":["https:\/\/natureaventure.ca\/en\/matapedia-gaspesie-attractions\/"]}]},{"@type":"ImageObject","inLanguage":"en-US","@id":"https:\/\/natureaventure.ca\/en\/matapedia-gaspesie-attractions\/#primaryimage","url":"https:\/\/natureaventure.ca\/wp-content\/uploads\/\/RDB-LogoRGB-300x200.png","contentUrl":"https:\/\/natureaventure.ca\/wp-content\/uploads\/\/RDB-LogoRGB-300x200.png"},{"@type":"BreadcrumbList","@id":"https:\/\/natureaventure.ca\/en\/matapedia-gaspesie-attractions\/#breadcrumb","itemListElement":[{"@type":"ListItem","position":1,"name":"Accueil","item":"https:\/\/natureaventure.ca\/en\/"},{"@type":"ListItem","position":2,"name":"WHAT TO DO AROUND MATAPEDIA? \/ TOURIST ATTRACTIONS"}]},{"@type":"WebSite","@id":"https:\/\/natureaventure.ca\/en\/#website","url":"https:\/\/natureaventure.ca\/en\/","name":"Nature Aventure, Matap\u00e9dia, QC","description":"Canoe & Kayak, Matap\u00e9dia, Qu\u00e9bec","potentialAction":[{"@type":"SearchAction","target":{"@type":"EntryPoint","urlTemplate":"https:\/\/natureaventure.ca\/en\/?s={search_term_string}"},"query-input":{"@type":"PropertyValueSpecification","valueRequired":true,"valueName":"search_term_string"}}],"inLanguage":"en-US"}]}},"_links":{"self":[{"href":"https:\/\/natureaventure.ca\/en\/wp-json\/wp\/v2\/pages\/1350","targetHints":{"allow":["GET"]}}],"collection":[{"href":"https:\/\/natureaventure.ca\/en\/wp-json\/wp\/v2\/pages"}],"about":[{"href":"https:\/\/natureaventure.ca\/en\/wp-json\/wp\/v2\/types\/page"}],"author":[{"embeddable":true,"href":"https:\/\/natureaventure.ca\/en\/wp-json\/wp\/v2\/users\/5"}],"replies":[{"embeddable":true,"href":"https:\/\/natureaventure.ca\/en\/wp-json\/wp\/v2\/comments?post=1350"}],"version-history":[{"count":2,"href":"https:\/\/natureaventure.ca\/en\/wp-json\/wp\/v2\/pages\/1350\/revisions"}],"predecessor-version":[{"id":7404,"href":"https:\/\/natureaventure.ca\/en\/wp-json\/wp\/v2\/pages\/1350\/revisions\/7404"}],"wp:attachment":[{"href":"https:\/\/natureaventure.ca\/en\/wp-json\/wp\/v2\/media?parent=1350"}],"curies":[{"name":"wp","href":"https:\/\/api.w.org\/{rel}","templated":true}]}}