{"id":1262,"date":"2015-01-10T17:58:54","date_gmt":"2015-01-11T00:58:54","guid":{"rendered":"https:\/\/natureaventure.ca\/?page_id=1262"},"modified":"2026-01-24T13:41:01","modified_gmt":"2026-01-24T20:41:01","slug":"camping-park-adams","status":"publish","type":"page","link":"https:\/\/natureaventure.ca\/en\/camping-park-adams\/","title":{"rendered":"PARK ADAMS CAMPGROUND <em>(THAT&#8217;S WHERE WE ARE!)<\/em>"},"content":{"rendered":"\n<div class=\"wp-block-group\"><div class=\"wp-block-group__inner-container is-layout-constrained wp-block-group-is-layout-constrained\">\n<p class=\"emphase-2\">Welcome to the <em>Park Adams campground<\/em>, <strong>that&#8217;s where our front desk is and where we&#8217;ll welcome you!<\/strong><\/p>\n\n\n\n<p>Located in the heart of the town of Matapedia, right beside the Matapedia river, and only a 5-minute walk away from the <em>International Appalachian Trail<\/em>&#8230; <strong><strong>convenient, right?!<\/strong><\/strong><\/p>\n\n\n\n<p>Are you planning on a&nbsp;<a href=\"https:\/\/natureaventure.ca\/en\/canoe-gaspesie-quebec\/\" target=\"_blank\" rel=\"noreferrer noopener\">canoe\/kayak<\/a>&nbsp;start on the next day? or some&nbsp;<a href=\"https:\/\/natureaventure.ca\/en\/stand-up-paddleboard\/\" target=\"_blank\" rel=\"noreferrer noopener\">stand-up paddleboarding<\/a>\u2009adventures?<br>You&#8217;re on a trip to Matapedia or simply want to get some fresh air for one night?<\/p>\n<\/div><\/div>\n\n\n\n<div class=\"wp-block-group\"><div class=\"wp-block-group__inner-container is-layout-constrained wp-block-group-is-layout-constrained\">\n<div class=\"wp-block-columns is-layout-flex wp-container-core-columns-is-layout-9d6595d7 wp-block-columns-is-layout-flex\">\n<div class=\"wp-block-column is-layout-flow wp-block-column-is-layout-flow\">\n<p>Choose from <strong>13&nbsp;non serviced&nbsp;campsites<\/strong> and <strong>9&nbsp;serviced sites (water + electricity)<\/strong>&nbsp;with large grassy space.<\/p>\n\n\n\n<div class=\"wp-block-buttons is-content-justification-center is-layout-flex wp-container-core-buttons-is-layout-16018d1d wp-block-buttons-is-layout-flex\">\n<div class=\"wp-block-button\"><a class=\"wp-block-button__link wp-element-button\" href=\"#tarifs\">Fees<\/a><\/div>\n\n\n\n<div class=\"wp-block-button\"><a class=\"wp-block-button__link wp-element-button\" href=\"#photos\">Photos<\/a><\/div>\n\n\n\n<div class=\"wp-block-button\"><a class=\"wp-block-button__link wp-element-button\" href=\"#carte\">Campground map<\/a><\/div>\n\n\n\n<div class=\"wp-block-button\"><a class=\"wp-block-button__link wp-element-button\" href=\"https:\/\/natureaventure.ca\/booking\/?category_id=5627\">Online booking<\/a><\/div>\n<\/div>\n<\/div>\n\n\n\n<div class=\"wp-block-column is-layout-flow wp-block-column-is-layout-flow\"><div class=\"wp-block-image\">\n<figure class=\"aligncenter size-full is-resized\"><img loading=\"lazy\" decoding=\"async\" width=\"376\" height=\"230\" src=\"https:\/\/natureaventure.ca\/wp-content\/uploads\/camping-quebec-nature-aventure-copy.jpg\" alt=\"\" class=\"wp-image-6452\" style=\"width:252px;height:auto\"\/><\/figure>\n<\/div><\/div>\n<\/div>\n<\/div><\/div>\n\n\n\n<div class=\"wp-block-group\"><div class=\"wp-block-group__inner-container is-layout-constrained wp-block-group-is-layout-constrained\">\n<div class=\"wp-block-columns is-layout-flex wp-container-core-columns-is-layout-9d6595d7 wp-block-columns-is-layout-flex\">\n<div class=\"wp-block-column is-layout-flow wp-block-column-is-layout-flow\">\n<h2 class=\"wp-block-heading has-text-align-center\">Common services to all lots<\/h2>\n\n\n\n<ul class=\"wp-block-list\">\n<li>Toilet<\/li>\n\n\n\n<li>Hot shower<\/li>\n\n\n\n<li>Washbasin to do the dishes<\/li>\n\n\n\n<li>Laundromat<\/li>\n\n\n\n<li>fire pit (wood for sell at 5$)<\/li>\n\n\n\n<li>Picnic table<\/li>\n\n\n\n<li>Volleyball field<\/li>\n\n\n\n<li>Kids playground<\/li>\n\n\n\n<li>Access to the Matap\u00e9dia river<\/li>\n\n\n\n<li>Grocery store<\/li>\n\n\n\n<li>Bank next door<\/li>\n\n\n\n<li>5-minute walk from a hiking trail<\/li>\n\n\n\n<li>2-minute walk from the beach<\/li>\n<\/ul>\n<\/div>\n\n\n\n<div class=\"wp-block-column is-layout-flow wp-block-column-is-layout-flow\">\n<h3 class=\"wp-block-heading\">Get to us!<\/h3>\n\n\n\n<p>From&nbsp;<strong>Route 132<\/strong>, turn to the only flashing light in the village of Matap\u00e9dia on rue des saumon street.<\/p>\n\n\n\n<p>Continue on this street and you will pass the railway, the Ultramar gas bar and cross the Matap\u00e9dia River.<\/p>\n\n\n\n<p>At the T make a right and you have arrived at Nature Adventure on your next right.<\/p>\n\n\n\n<ul class=\"wp-block-list\">\n<li>Adams park, 20 rue de l\u2019\u00c9glise, Matap\u00e9dia, QC<\/li>\n\n\n\n<li>Tel. : (418)&nbsp;865-3554<\/li>\n\n\n\n<li>Email :&nbsp;<a href=\"mailto:info@natureaventure.ca\">info@natureaventure.ca<\/a><\/li>\n<\/ul>\n<\/div>\n<\/div>\n<\/div><\/div>\n\n\n\n<div class=\"wp-block-group\"><div class=\"wp-block-group__inner-container is-layout-constrained wp-block-group-is-layout-constrained\">\n<h2 class=\"wp-block-heading has-text-align-center\" id=\"tarifs\">Fees &amp; campground map<\/h2>\n\n\n\n<figure class=\"wp-block-table is-style-stripes\"><table><thead><tr><th>2026 season<\/th><th>LOW SEASON<br>May, <em>June,<br>September<\/em><\/th><th><strong>HIGH SEASON<\/strong><br><em>July + August<br><\/em><br><\/th><\/tr><\/thead><tbody><tr><td>Tent (no services)<\/td><td>31,50$<\/td><td>36,75$<\/td><\/tr><tr><td>RV \/ trailer w\/ 2 services (water + electricity)<\/td><td>42$<\/td><td>47,25$<\/td><\/tr><\/tbody><\/table><\/figure>\n\n\n<div class=\"wp-block-image mt50\">\n<figure class=\"aligncenter size-large\" id=\"carte\"><a href=\"https:\/\/natureaventure.ca\/wp-content\/uploads\/\/carte-camping-parc-adams-matapedia-nature-aventure.webp\" data-lbwps-width=\"2300\" data-lbwps-height=\"1777\" data-lbwps-srcsmall=\"https:\/\/natureaventure.ca\/wp-content\/uploads\/carte-camping-parc-adams-matapedia-nature-aventure-500x386.webp\"><img loading=\"lazy\" decoding=\"async\" width=\"1024\" height=\"791\" src=\"https:\/\/natureaventure.ca\/wp-content\/uploads\/\/carte-camping-parc-adams-matapedia-nature-aventure-1024x791.webp\" alt=\"\" class=\"wp-image-6457\" srcset=\"https:\/\/natureaventure.ca\/wp-content\/uploads\/carte-camping-parc-adams-matapedia-nature-aventure-1024x791.webp 1024w, https:\/\/natureaventure.ca\/wp-content\/uploads\/carte-camping-parc-adams-matapedia-nature-aventure-500x386.webp 500w\" sizes=\"auto, (max-width: 1024px) 100vw, 1024px\" \/><\/a><\/figure>\n<\/div>\n\n\n<div class=\"wp-block-buttons is-content-justification-center is-layout-flex wp-container-core-buttons-is-layout-16018d1d wp-block-buttons-is-layout-flex\">\n<div class=\"wp-block-button\"><a class=\"wp-block-button__link wp-element-button\" href=\"https:\/\/natureaventure.ca\/booking\/?category_id=5627\">Online booking<\/a><\/div>\n<\/div>\n<\/div><\/div>\n\n\n\n<div class=\"wp-block-group\"><div class=\"wp-block-group__inner-container is-layout-constrained wp-block-group-is-layout-constrained\">\n<h2 class=\"wp-block-heading has-text-align-center\" id=\"photos\">Photos of the Matapedia campground \/ facilities<\/h2>\n\n\n\n<figure class=\"wp-block-gallery has-nested-images columns-4 is-cropped wp-block-gallery-2 is-layout-flex wp-block-gallery-is-layout-flex\">\n<figure class=\"wp-block-image size-large\"><a href=\"https:\/\/natureaventure.ca\/wp-content\/uploads\/\/camping-park-adams-matapedia-nature-aventure.webp\" data-lbwps-width=\"1900\" data-lbwps-height=\"1267\" data-lbwps-srcsmall=\"https:\/\/natureaventure.ca\/wp-content\/uploads\/camping-park-adams-matapedia-nature-aventure-500x333.webp\"><img loading=\"lazy\" decoding=\"async\" width=\"1024\" height=\"683\" data-id=\"6288\" src=\"https:\/\/natureaventure.ca\/wp-content\/uploads\/\/camping-park-adams-matapedia-nature-aventure-1024x683.webp\" alt=\"\" class=\"wp-image-6288\" srcset=\"https:\/\/natureaventure.ca\/wp-content\/uploads\/camping-park-adams-matapedia-nature-aventure-1024x683.webp 1024w, https:\/\/natureaventure.ca\/wp-content\/uploads\/camping-park-adams-matapedia-nature-aventure-500x333.webp 500w, https:\/\/natureaventure.ca\/wp-content\/uploads\/camping-park-adams-matapedia-nature-aventure-300x200.webp 300w, https:\/\/natureaventure.ca\/wp-content\/uploads\/camping-park-adams-matapedia-nature-aventure.webp 1900w\" sizes=\"auto, (max-width: 1024px) 100vw, 1024px\" \/><\/a><\/figure>\n\n\n\n<figure class=\"wp-block-image size-large\"><a href=\"https:\/\/natureaventure.ca\/wp-content\/uploads\/\/camping-parc-adams-matapedia-gaspesie-copy.jpg\" data-lbwps-width=\"1360\" data-lbwps-height=\"907\" data-lbwps-srcsmall=\"https:\/\/natureaventure.ca\/wp-content\/uploads\/camping-parc-adams-matapedia-gaspesie-copy-500x333.jpg\"><img loading=\"lazy\" decoding=\"async\" width=\"1024\" height=\"683\" data-id=\"6548\" src=\"https:\/\/natureaventure.ca\/wp-content\/uploads\/\/camping-parc-adams-matapedia-gaspesie-copy-1024x683.jpg\" alt=\"\" class=\"wp-image-6548\" srcset=\"https:\/\/natureaventure.ca\/wp-content\/uploads\/camping-parc-adams-matapedia-gaspesie-copy-1024x683.jpg 1024w, https:\/\/natureaventure.ca\/wp-content\/uploads\/camping-parc-adams-matapedia-gaspesie-copy-500x333.jpg 500w, https:\/\/natureaventure.ca\/wp-content\/uploads\/camping-parc-adams-matapedia-gaspesie-copy-300x200.jpg 300w, https:\/\/natureaventure.ca\/wp-content\/uploads\/camping-parc-adams-matapedia-gaspesie-copy.jpg 1360w\" sizes=\"auto, (max-width: 1024px) 100vw, 1024px\" \/><\/a><\/figure>\n\n\n\n<figure class=\"wp-block-image size-large\"><a href=\"https:\/\/natureaventure.ca\/wp-content\/uploads\/camping-adams1-copie.jpeg\" data-lbwps-width=\"700\" data-lbwps-height=\"385\" data-lbwps-srcsmall=\"https:\/\/natureaventure.ca\/wp-content\/uploads\/camping-adams1-copie-500x275.jpeg\"><img loading=\"lazy\" decoding=\"async\" width=\"700\" height=\"385\" data-id=\"5644\" src=\"https:\/\/natureaventure.ca\/wp-content\/uploads\/camping-adams1-copie.jpeg\" alt=\"camping municipal parc adams matap\u00e9dia nature aventure\" class=\"wp-image-5644\" srcset=\"https:\/\/natureaventure.ca\/wp-content\/uploads\/camping-adams1-copie.jpeg 700w, https:\/\/natureaventure.ca\/wp-content\/uploads\/camping-adams1-copie-500x275.jpeg 500w\" sizes=\"auto, (max-width: 700px) 100vw, 700px\" \/><\/a><\/figure>\n\n\n\n<figure class=\"wp-block-image size-large\"><a href=\"https:\/\/natureaventure.ca\/wp-content\/uploads\/activite-sans-service.jpg\" data-lbwps-width=\"667\" data-lbwps-height=\"667\" data-lbwps-srcsmall=\"https:\/\/natureaventure.ca\/wp-content\/uploads\/activite-sans-service-500x500.jpg\"><img loading=\"lazy\" decoding=\"async\" width=\"667\" height=\"667\" data-id=\"4335\" src=\"https:\/\/natureaventure.ca\/wp-content\/uploads\/activite-sans-service.jpg\" alt=\"Camping sans service site 5\" class=\"wp-image-4335\" srcset=\"https:\/\/natureaventure.ca\/wp-content\/uploads\/activite-sans-service.jpg 667w, https:\/\/natureaventure.ca\/wp-content\/uploads\/activite-sans-service-500x500.jpg 500w\" sizes=\"auto, (max-width: 667px) 100vw, 667px\" \/><\/a><\/figure>\n\n\n\n<figure class=\"wp-block-image size-large\"><a href=\"https:\/\/natureaventure.ca\/wp-content\/uploads\/LEXTENSION-E\u0301ric-et-Brigitte.jpg\"><img loading=\"lazy\" decoding=\"async\" width=\"1024\" height=\"576\" data-id=\"3460\" src=\"https:\/\/natureaventure.ca\/wp-content\/uploads\/\/LEXTENSION-E\u0301ric-et-Brigitte-1024x576.jpg\" alt=\"Camping canot camping campement tente abris rivi\u00e8re restigouche kayak\" class=\"wp-image-3460\" srcset=\"https:\/\/natureaventure.ca\/wp-content\/uploads\/LEXTENSION-E\u0301ric-et-Brigitte-1024x576.jpg 1024w, https:\/\/natureaventure.ca\/wp-content\/uploads\/LEXTENSION-E\u0301ric-et-Brigitte-500x281.jpg 500w, https:\/\/natureaventure.ca\/wp-content\/uploads\/LEXTENSION-E\u0301ric-et-Brigitte-768x432.jpg 768w, https:\/\/natureaventure.ca\/wp-content\/uploads\/LEXTENSION-E\u0301ric-et-Brigitte-1536x864.jpg 1536w, https:\/\/natureaventure.ca\/wp-content\/uploads\/LEXTENSION-E\u0301ric-et-Brigitte-2048x1152.jpg 2048w\" sizes=\"auto, (max-width: 1024px) 100vw, 1024px\" \/><\/a><\/figure>\n\n\n\n<figure class=\"wp-block-image size-large\"><a href=\"https:\/\/natureaventure.ca\/wp-content\/uploads\/jeux.camping352-copie.jpeg\" data-lbwps-width=\"700\" data-lbwps-height=\"467\" data-lbwps-srcsmall=\"https:\/\/natureaventure.ca\/wp-content\/uploads\/jeux.camping352-copie-500x334.jpeg\"><img loading=\"lazy\" decoding=\"async\" width=\"700\" height=\"467\" data-id=\"5642\" src=\"https:\/\/natureaventure.ca\/wp-content\/uploads\/jeux.camping352-copie.jpeg\" alt=\"parc enfant terrain de jeux camping municipal parc adams nature aventure\" class=\"wp-image-5642\" srcset=\"https:\/\/natureaventure.ca\/wp-content\/uploads\/jeux.camping352-copie.jpeg 700w, https:\/\/natureaventure.ca\/wp-content\/uploads\/jeux.camping352-copie-500x334.jpeg 500w, https:\/\/natureaventure.ca\/wp-content\/uploads\/jeux.camping352-copie-300x200.jpeg 300w\" sizes=\"auto, (max-width: 700px) 100vw, 700px\" \/><\/a><\/figure>\n\n\n\n<figure class=\"wp-block-image size-large\"><a href=\"https:\/\/natureaventure.ca\/wp-content\/uploads\/345-copie.jpeg\" data-lbwps-width=\"600\" data-lbwps-height=\"400\" data-lbwps-srcsmall=\"https:\/\/natureaventure.ca\/wp-content\/uploads\/345-copie-500x333.jpeg\"><img loading=\"lazy\" decoding=\"async\" width=\"600\" height=\"400\" data-id=\"5640\" src=\"https:\/\/natureaventure.ca\/wp-content\/uploads\/345-copie.jpeg\" alt=\"bloc sanitaire camping municipal matap\u00e9dia nature aventure\" class=\"wp-image-5640\" srcset=\"https:\/\/natureaventure.ca\/wp-content\/uploads\/345-copie.jpeg 600w, https:\/\/natureaventure.ca\/wp-content\/uploads\/345-copie-500x333.jpeg 500w, https:\/\/natureaventure.ca\/wp-content\/uploads\/345-copie-300x200.jpeg 300w\" sizes=\"auto, (max-width: 600px) 100vw, 600px\" \/><\/a><\/figure>\n\n\n\n<figure class=\"wp-block-image size-large\"><a href=\"https:\/\/natureaventure.ca\/wp-content\/uploads\/\/camping.018-2.jpeg\" data-lbwps-width=\"1843\" data-lbwps-height=\"1228\" data-lbwps-srcsmall=\"https:\/\/natureaventure.ca\/wp-content\/uploads\/camping.018-2-500x333.jpeg\"><img loading=\"lazy\" decoding=\"async\" width=\"1024\" height=\"682\" data-id=\"5119\" src=\"https:\/\/natureaventure.ca\/wp-content\/uploads\/\/camping.018-2-1024x682.jpeg\" alt=\"\" class=\"wp-image-5119\" srcset=\"https:\/\/natureaventure.ca\/wp-content\/uploads\/camping.018-2-1024x682.jpeg 1024w, https:\/\/natureaventure.ca\/wp-content\/uploads\/camping.018-2-500x333.jpeg 500w, https:\/\/natureaventure.ca\/wp-content\/uploads\/camping.018-2-300x200.jpeg 300w, https:\/\/natureaventure.ca\/wp-content\/uploads\/camping.018-2-768x512.jpeg 768w, https:\/\/natureaventure.ca\/wp-content\/uploads\/camping.018-2-1536x1023.jpeg 1536w, https:\/\/natureaventure.ca\/wp-content\/uploads\/camping.018-2.jpeg 1843w\" sizes=\"auto, (max-width: 1024px) 100vw, 1024px\" \/><\/a><\/figure>\n<\/figure>\n\n\n\n<div class=\"wp-block-buttons is-content-justification-center is-layout-flex wp-container-core-buttons-is-layout-16018d1d wp-block-buttons-is-layout-flex\">\n<div class=\"wp-block-button\"><a class=\"wp-block-button__link wp-element-button\" href=\"https:\/\/natureaventure.ca\/booking\/?category_id=5627\">Online booking<\/a><\/div>\n<\/div>\n<\/div><\/div>\n","protected":false},"excerpt":{"rendered":"<p>Welcome to the Park Adams campground, that&#8217;s where our front desk is and where we&#8217;ll welcome you! Located in the heart of the town of Matapedia, right beside the Matapedia river, and only a 5-minute walk away from the International Appalachian Trail&#8230; convenient, right?! Are you planning on a&nbsp;canoe\/kayak&nbsp;start on the next day? or some&nbsp;stand-up [&hellip;]<\/p>\n","protected":false},"author":5,"featured_media":0,"parent":0,"menu_order":0,"comment_status":"closed","ping_status":"closed","template":"","meta":{"_acf_changed":false,"footnotes":""},"class_list":["post-1262","page","type-page","status-publish","hentry"],"acf":[],"yoast_head":"<!-- This site is optimized with the Yoast SEO plugin v27.4 - https:\/\/yoast.com\/product\/yoast-seo-wordpress\/ -->\n<title>Camping Park Adams - Nature Aventure, Matap\u00e9dia, Gaspesie, Quebec<\/title>\n<meta name=\"description\" content=\"Municipal campground located in the heart of the village of Matapedia. Choose from 13 Basics campsites and 8 serviced sites . Activities are available on site with Nature Adventure.\" \/>\n<meta name=\"robots\" content=\"index, follow, max-snippet:-1, max-image-preview:large, max-video-preview:-1\" \/>\n<link rel=\"canonical\" href=\"https:\/\/natureaventure.ca\/en\/camping-park-adams\/\" \/>\n<meta property=\"og:locale\" content=\"en_US\" \/>\n<meta property=\"og:type\" content=\"article\" \/>\n<meta property=\"og:title\" content=\"Camping Park Adams - Nature Aventure, Matap\u00e9dia, Gaspesie, Quebec\" \/>\n<meta property=\"og:description\" content=\"Municipal campground located in the heart of the village of Matapedia. Choose from 13 Basics campsites and 8 serviced sites . Activities are available on site with Nature Adventure.\" \/>\n<meta property=\"og:url\" content=\"https:\/\/natureaventure.ca\/en\/camping-park-adams\/\" \/>\n<meta property=\"og:site_name\" content=\"Nature Aventure, Matap\u00e9dia, QC\" \/>\n<meta property=\"article:publisher\" content=\"https:\/\/www.facebook.com\/NatureAventure\/\" \/>\n<meta property=\"article:modified_time\" content=\"2026-01-24T20:41:01+00:00\" \/>\n<meta property=\"og:image\" content=\"https:\/\/natureaventure.ca\/wp-content\/uploads\/camping-quebec-nature-aventure-copy.jpg\" \/>\n\t<meta property=\"og:image:width\" content=\"376\" \/>\n\t<meta property=\"og:image:height\" content=\"230\" \/>\n\t<meta property=\"og:image:type\" content=\"image\/jpeg\" \/>\n<meta name=\"twitter:card\" content=\"summary_large_image\" \/>\n<meta name=\"twitter:site\" content=\"@nature_aventure\" \/>\n<meta name=\"twitter:label1\" content=\"Est. reading time\" \/>\n\t<meta name=\"twitter:data1\" content=\"4 minutes\" \/>\n<script type=\"application\/ld+json\" class=\"yoast-schema-graph\">{\"@context\":\"https:\\\/\\\/schema.org\",\"@graph\":[{\"@type\":\"WebPage\",\"@id\":\"https:\\\/\\\/natureaventure.ca\\\/en\\\/camping-park-adams\\\/\",\"url\":\"https:\\\/\\\/natureaventure.ca\\\/en\\\/camping-park-adams\\\/\",\"name\":\"Camping Park Adams - Nature Aventure, Matap\u00e9dia, Gaspesie, Quebec\",\"isPartOf\":{\"@id\":\"https:\\\/\\\/natureaventure.ca\\\/en\\\/#website\"},\"primaryImageOfPage\":{\"@id\":\"https:\\\/\\\/natureaventure.ca\\\/en\\\/camping-park-adams\\\/#primaryimage\"},\"image\":{\"@id\":\"https:\\\/\\\/natureaventure.ca\\\/en\\\/camping-park-adams\\\/#primaryimage\"},\"thumbnailUrl\":\"https:\\\/\\\/natureaventure.ca\\\/wp-content\\\/uploads\\\/camping-quebec-nature-aventure-copy.jpg\",\"datePublished\":\"2015-01-11T00:58:54+00:00\",\"dateModified\":\"2026-01-24T20:41:01+00:00\",\"description\":\"Municipal campground located in the heart of the village of Matapedia. Choose from 13 Basics campsites and 8 serviced sites . Activities are available on site with Nature Adventure.\",\"breadcrumb\":{\"@id\":\"https:\\\/\\\/natureaventure.ca\\\/en\\\/camping-park-adams\\\/#breadcrumb\"},\"inLanguage\":\"en-US\",\"potentialAction\":[{\"@type\":\"ReadAction\",\"target\":[\"https:\\\/\\\/natureaventure.ca\\\/en\\\/camping-park-adams\\\/\"]}]},{\"@type\":\"ImageObject\",\"inLanguage\":\"en-US\",\"@id\":\"https:\\\/\\\/natureaventure.ca\\\/en\\\/camping-park-adams\\\/#primaryimage\",\"url\":\"https:\\\/\\\/natureaventure.ca\\\/wp-content\\\/uploads\\\/camping-quebec-nature-aventure-copy.jpg\",\"contentUrl\":\"https:\\\/\\\/natureaventure.ca\\\/wp-content\\\/uploads\\\/camping-quebec-nature-aventure-copy.jpg\"},{\"@type\":\"BreadcrumbList\",\"@id\":\"https:\\\/\\\/natureaventure.ca\\\/en\\\/camping-park-adams\\\/#breadcrumb\",\"itemListElement\":[{\"@type\":\"ListItem\",\"position\":1,\"name\":\"Accueil\",\"item\":\"https:\\\/\\\/natureaventure.ca\\\/en\\\/\"},{\"@type\":\"ListItem\",\"position\":2,\"name\":\"PARK ADAMS CAMPGROUND (THAT&rsquo;S WHERE WE ARE!)\"}]},{\"@type\":\"WebSite\",\"@id\":\"https:\\\/\\\/natureaventure.ca\\\/en\\\/#website\",\"url\":\"https:\\\/\\\/natureaventure.ca\\\/en\\\/\",\"name\":\"Nature Aventure, Matap\u00e9dia, QC\",\"description\":\"Canoe & Kayak, Matap\u00e9dia, Qu\u00e9bec\",\"potentialAction\":[{\"@type\":\"SearchAction\",\"target\":{\"@type\":\"EntryPoint\",\"urlTemplate\":\"https:\\\/\\\/natureaventure.ca\\\/en\\\/?s={search_term_string}\"},\"query-input\":{\"@type\":\"PropertyValueSpecification\",\"valueRequired\":true,\"valueName\":\"search_term_string\"}}],\"inLanguage\":\"en-US\"}]}<\/script>\n<!-- \/ Yoast SEO plugin. -->","yoast_head_json":{"title":"Camping Park Adams - Nature Aventure, Matap\u00e9dia, Gaspesie, Quebec","description":"Municipal campground located in the heart of the village of Matapedia. Choose from 13 Basics campsites and 8 serviced sites . Activities are available on site with Nature Adventure.","robots":{"index":"index","follow":"follow","max-snippet":"max-snippet:-1","max-image-preview":"max-image-preview:large","max-video-preview":"max-video-preview:-1"},"canonical":"https:\/\/natureaventure.ca\/en\/camping-park-adams\/","og_locale":"en_US","og_type":"article","og_title":"Camping Park Adams - Nature Aventure, Matap\u00e9dia, Gaspesie, Quebec","og_description":"Municipal campground located in the heart of the village of Matapedia. Choose from 13 Basics campsites and 8 serviced sites . Activities are available on site with Nature Adventure.","og_url":"https:\/\/natureaventure.ca\/en\/camping-park-adams\/","og_site_name":"Nature Aventure, Matap\u00e9dia, QC","article_publisher":"https:\/\/www.facebook.com\/NatureAventure\/","article_modified_time":"2026-01-24T20:41:01+00:00","og_image":[{"width":376,"height":230,"url":"https:\/\/natureaventure.ca\/wp-content\/uploads\/camping-quebec-nature-aventure-copy.jpg","type":"image\/jpeg"}],"twitter_card":"summary_large_image","twitter_site":"@nature_aventure","twitter_misc":{"Est. reading time":"4 minutes"},"schema":{"@context":"https:\/\/schema.org","@graph":[{"@type":"WebPage","@id":"https:\/\/natureaventure.ca\/en\/camping-park-adams\/","url":"https:\/\/natureaventure.ca\/en\/camping-park-adams\/","name":"Camping Park Adams - Nature Aventure, Matap\u00e9dia, Gaspesie, Quebec","isPartOf":{"@id":"https:\/\/natureaventure.ca\/en\/#website"},"primaryImageOfPage":{"@id":"https:\/\/natureaventure.ca\/en\/camping-park-adams\/#primaryimage"},"image":{"@id":"https:\/\/natureaventure.ca\/en\/camping-park-adams\/#primaryimage"},"thumbnailUrl":"https:\/\/natureaventure.ca\/wp-content\/uploads\/camping-quebec-nature-aventure-copy.jpg","datePublished":"2015-01-11T00:58:54+00:00","dateModified":"2026-01-24T20:41:01+00:00","description":"Municipal campground located in the heart of the village of Matapedia. Choose from 13 Basics campsites and 8 serviced sites . Activities are available on site with Nature Adventure.","breadcrumb":{"@id":"https:\/\/natureaventure.ca\/en\/camping-park-adams\/#breadcrumb"},"inLanguage":"en-US","potentialAction":[{"@type":"ReadAction","target":["https:\/\/natureaventure.ca\/en\/camping-park-adams\/"]}]},{"@type":"ImageObject","inLanguage":"en-US","@id":"https:\/\/natureaventure.ca\/en\/camping-park-adams\/#primaryimage","url":"https:\/\/natureaventure.ca\/wp-content\/uploads\/camping-quebec-nature-aventure-copy.jpg","contentUrl":"https:\/\/natureaventure.ca\/wp-content\/uploads\/camping-quebec-nature-aventure-copy.jpg"},{"@type":"BreadcrumbList","@id":"https:\/\/natureaventure.ca\/en\/camping-park-adams\/#breadcrumb","itemListElement":[{"@type":"ListItem","position":1,"name":"Accueil","item":"https:\/\/natureaventure.ca\/en\/"},{"@type":"ListItem","position":2,"name":"PARK ADAMS CAMPGROUND (THAT&rsquo;S WHERE WE ARE!)"}]},{"@type":"WebSite","@id":"https:\/\/natureaventure.ca\/en\/#website","url":"https:\/\/natureaventure.ca\/en\/","name":"Nature Aventure, Matap\u00e9dia, QC","description":"Canoe & Kayak, Matap\u00e9dia, Qu\u00e9bec","potentialAction":[{"@type":"SearchAction","target":{"@type":"EntryPoint","urlTemplate":"https:\/\/natureaventure.ca\/en\/?s={search_term_string}"},"query-input":{"@type":"PropertyValueSpecification","valueRequired":true,"valueName":"search_term_string"}}],"inLanguage":"en-US"}]}},"_links":{"self":[{"href":"https:\/\/natureaventure.ca\/en\/wp-json\/wp\/v2\/pages\/1262","targetHints":{"allow":["GET"]}}],"collection":[{"href":"https:\/\/natureaventure.ca\/en\/wp-json\/wp\/v2\/pages"}],"about":[{"href":"https:\/\/natureaventure.ca\/en\/wp-json\/wp\/v2\/types\/page"}],"author":[{"embeddable":true,"href":"https:\/\/natureaventure.ca\/en\/wp-json\/wp\/v2\/users\/5"}],"replies":[{"embeddable":true,"href":"https:\/\/natureaventure.ca\/en\/wp-json\/wp\/v2\/comments?post=1262"}],"version-history":[{"count":2,"href":"https:\/\/natureaventure.ca\/en\/wp-json\/wp\/v2\/pages\/1262\/revisions"}],"predecessor-version":[{"id":7433,"href":"https:\/\/natureaventure.ca\/en\/wp-json\/wp\/v2\/pages\/1262\/revisions\/7433"}],"wp:attachment":[{"href":"https:\/\/natureaventure.ca\/en\/wp-json\/wp\/v2\/media?parent=1262"}],"curies":[{"name":"wp","href":"https:\/\/api.w.org\/{rel}","templated":true}]}}