{"id":1256,"date":"2015-01-10T17:53:47","date_gmt":"2015-01-11T00:53:47","guid":{"rendered":"https:\/\/natureaventure.ca\/?page_id=1256"},"modified":"2026-02-27T09:52:51","modified_gmt":"2026-02-27T16:52:51","slug":"snorkeling-tour-salmon-observation","status":"publish","type":"page","link":"https:\/\/natureaventure.ca\/en\/snorkeling-tour-salmon-observation\/","title":{"rendered":"GUIDED RIVER SNORKELING TOUR WITH ATLANTIC SALMON OBSERVATION"},"content":{"rendered":"\n<div class=\"wp-block-group block-on-fixed-background\"><div class=\"wp-block-group__inner-container is-layout-constrained wp-block-group-is-layout-constrained\">\n<p>Our snorkeling tour is mouth watering, literally! A very unique activity that will allow you to <strong>swim with the king of our rivers: the Atlantic salmon<\/strong>. What better way to watch salmons than while floating above them?<\/p>\n\n\n<div class=\"wp-block-image\">\n<figure class=\"alignright\"><img decoding=\"async\" src=\"https:\/\/natureaventure.ca\/wp-content\/uploads\/Logo-acr%C3%A9ditation-AEQ-EN.jpg\" alt=\"Certified Ecotourism\" class=\"wp-image-3786\"\/><\/figure>\n<\/div>\n\n\n<p><strong>This activity consists of snorkeling (using a mask and snorkel)&nbsp;in&nbsp;the river,&nbsp;sometimes in pools and sometimes in small rapids.<\/strong><\/p>\n\n\n\n<p>We will interpret the salmon\u2019s life cycle and its behaviours in the rivers. We will inform you on the aquatic environment, the fauna and flora, while maintaining a great respect for other users of the river.<\/p>\n\n\n\n<p><strong>Minimum of 4 \/ maximum of 6 people for an outing<\/strong>, but it is possible to join an existing group if you are less than 4 or if you are alone.<\/p>\n<\/div><\/div>\n\n\n\n<div class=\"wp-block-group\"><div class=\"wp-block-group__inner-container is-layout-constrained wp-block-group-is-layout-constrained\">\n<h2 class=\"wp-block-heading has-text-align-center\">IT LOOKS LIKE THIS!<\/h2>\n\n\n\n<div class=\"wp-block-columns is-layout-flex wp-container-core-columns-is-layout-9d6595d7 wp-block-columns-is-layout-flex\">\n<div class=\"wp-block-column is-layout-flow wp-block-column-is-layout-flow\">\n<figure class=\"wp-block-embed is-type-video is-provider-youtube wp-block-embed-youtube wp-embed-aspect-16-9 wp-has-aspect-ratio\"><div class=\"wp-block-embed__wrapper\">\n<iframe loading=\"lazy\" title=\"NatureAventure filmPlongee CharlesGilbertPainchaud\" width=\"500\" height=\"281\" src=\"https:\/\/www.youtube.com\/embed\/UdR5meqeihQ?feature=oembed\" frameborder=\"0\" allow=\"accelerometer; autoplay; clipboard-write; encrypted-media; gyroscope; picture-in-picture; web-share\" referrerpolicy=\"strict-origin-when-cross-origin\" allowfullscreen><\/iframe>\n<\/div><\/figure>\n<\/div>\n\n\n\n<div class=\"wp-block-column is-layout-flow wp-block-column-is-layout-flow\">\n<figure class=\"wp-block-embed is-type-video is-provider-youtube wp-block-embed-youtube wp-embed-aspect-16-9 wp-has-aspect-ratio\"><div class=\"wp-block-embed__wrapper\">\n<iframe loading=\"lazy\" title=\"FINAL #20 Nager avec les saumons HD\" width=\"500\" height=\"281\" src=\"https:\/\/www.youtube.com\/embed\/VvDJD0seEJg?feature=oembed\" frameborder=\"0\" allow=\"accelerometer; autoplay; clipboard-write; encrypted-media; gyroscope; picture-in-picture; web-share\" referrerpolicy=\"strict-origin-when-cross-origin\" allowfullscreen><\/iframe>\n<\/div><\/figure>\n<\/div>\n<\/div>\n\n\n\n<figure class=\"wp-block-gallery has-nested-images columns-4 is-cropped wp-block-gallery-2 is-layout-flex wp-block-gallery-is-layout-flex\">\n<figure class=\"wp-block-image size-large\"><a href=\"https:\/\/natureaventure.ca\/wp-content\/uploads\/activite-plongee.jpg\" data-lbwps-width=\"422\" data-lbwps-height=\"422\" data-lbwps-srcsmall=\"https:\/\/natureaventure.ca\/wp-content\/uploads\/activite-plongee.jpg\"><img loading=\"lazy\" decoding=\"async\" width=\"422\" height=\"422\" data-id=\"4091\" src=\"https:\/\/natureaventure.ca\/wp-content\/uploads\/activite-plongee.jpg\" alt=\"Activit\u00e9 de plong\u00e9e en apn\u00e9e dans la rivi\u00e8re Assemetquagan en Gasp\u00e9sie. Forfait guid\u00e9 pour observer le saumon de l'Atlantique, la flore et la faune sous-marine.\" class=\"wp-image-4091\"\/><\/a><\/figure>\n\n\n\n<figure class=\"wp-block-image size-medium\"><a href=\"https:\/\/natureaventure.ca\/wp-content\/uploads\/Dans-la-fosse1.jpg\" data-lbwps-width=\"1200\" data-lbwps-height=\"797\" data-lbwps-srcsmall=\"https:\/\/natureaventure.ca\/wp-content\/uploads\/Dans-la-fosse1-500x332.jpg\"><img loading=\"lazy\" decoding=\"async\" width=\"500\" height=\"332\" data-id=\"2863\" src=\"https:\/\/natureaventure.ca\/wp-content\/uploads\/Dans-la-fosse1-500x332.jpg\" alt=\"activit\u00e9 plong\u00e9e apn\u00e9e rivi\u00e8re Assemetquagan rapides faune flore saumon forfait guid\u00e9 gasp\u00e9sie\" class=\"wp-image-2863\" srcset=\"https:\/\/natureaventure.ca\/wp-content\/uploads\/Dans-la-fosse1-500x332.jpg 500w, https:\/\/natureaventure.ca\/wp-content\/uploads\/Dans-la-fosse1-300x200.jpg 300w, https:\/\/natureaventure.ca\/wp-content\/uploads\/Dans-la-fosse1-768x510.jpg 768w, https:\/\/natureaventure.ca\/wp-content\/uploads\/Dans-la-fosse1-1024x680.jpg 1024w, https:\/\/natureaventure.ca\/wp-content\/uploads\/Dans-la-fosse1.jpg 1200w\" sizes=\"auto, (max-width: 500px) 100vw, 500px\" \/><\/a><\/figure>\n\n\n\n<figure class=\"wp-block-image size-medium\"><a href=\"https:\/\/natureaventure.ca\/wp-content\/uploads\/caucus-en-wet.jpg\" data-lbwps-width=\"1200\" data-lbwps-height=\"900\" data-lbwps-srcsmall=\"https:\/\/natureaventure.ca\/wp-content\/uploads\/caucus-en-wet-500x375.jpg\"><img loading=\"lazy\" decoding=\"async\" width=\"500\" height=\"375\" data-id=\"2242\" src=\"https:\/\/natureaventure.ca\/wp-content\/uploads\/caucus-en-wet-500x375.jpg\" alt=\"activit\u00e9 plong\u00e9e apn\u00e9e rivi\u00e8re Assemetquagan rapides faune flore saumon forfait guid\u00e9 gasp\u00e9sie\" class=\"wp-image-2242\" srcset=\"https:\/\/natureaventure.ca\/wp-content\/uploads\/caucus-en-wet-500x375.jpg 500w, https:\/\/natureaventure.ca\/wp-content\/uploads\/caucus-en-wet-768x576.jpg 768w, https:\/\/natureaventure.ca\/wp-content\/uploads\/caucus-en-wet-1024x768.jpg 1024w, https:\/\/natureaventure.ca\/wp-content\/uploads\/caucus-en-wet-600x450.jpg 600w, https:\/\/natureaventure.ca\/wp-content\/uploads\/caucus-en-wet.jpg 1200w\" sizes=\"auto, (max-width: 500px) 100vw, 500px\" \/><\/a><\/figure>\n\n\n\n<figure class=\"wp-block-image size-medium\"><a href=\"https:\/\/natureaventure.ca\/wp-content\/uploads\/saut-de-lange.jpg\" data-lbwps-width=\"1200\" data-lbwps-height=\"900\" data-lbwps-srcsmall=\"https:\/\/natureaventure.ca\/wp-content\/uploads\/saut-de-lange-500x375.jpg\"><img loading=\"lazy\" decoding=\"async\" width=\"500\" height=\"375\" data-id=\"2262\" src=\"https:\/\/natureaventure.ca\/wp-content\/uploads\/saut-de-lange-500x375.jpg\" alt=\"activit\u00e9 plong\u00e9e apn\u00e9e rivi\u00e8re Assemetquagan rapides faune flore saumon forfait guid\u00e9 gasp\u00e9sie\" class=\"wp-image-2262\" srcset=\"https:\/\/natureaventure.ca\/wp-content\/uploads\/saut-de-lange-500x375.jpg 500w, https:\/\/natureaventure.ca\/wp-content\/uploads\/saut-de-lange-768x576.jpg 768w, https:\/\/natureaventure.ca\/wp-content\/uploads\/saut-de-lange-1024x768.jpg 1024w, https:\/\/natureaventure.ca\/wp-content\/uploads\/saut-de-lange-600x450.jpg 600w, https:\/\/natureaventure.ca\/wp-content\/uploads\/saut-de-lange.jpg 1200w\" sizes=\"auto, (max-width: 500px) 100vw, 500px\" \/><\/a><\/figure>\n\n\n\n<figure class=\"wp-block-image size-medium\"><a href=\"https:\/\/natureaventure.ca\/wp-content\/uploads\/canot-riviere-matapedia-gaspesie.jpg\" data-lbwps-width=\"1900\" data-lbwps-height=\"1072\" data-lbwps-srcsmall=\"https:\/\/natureaventure.ca\/wp-content\/uploads\/canot-riviere-matapedia-gaspesie-500x282.jpg\"><img loading=\"lazy\" decoding=\"async\" width=\"500\" height=\"282\" data-id=\"5248\" src=\"https:\/\/natureaventure.ca\/wp-content\/uploads\/canot-riviere-matapedia-gaspesie-500x282.jpg\" alt=\"\" class=\"wp-image-5248\" srcset=\"https:\/\/natureaventure.ca\/wp-content\/uploads\/canot-riviere-matapedia-gaspesie-500x282.jpg 500w, https:\/\/natureaventure.ca\/wp-content\/uploads\/canot-riviere-matapedia-gaspesie-1024x578.jpg 1024w, https:\/\/natureaventure.ca\/wp-content\/uploads\/canot-riviere-matapedia-gaspesie-768x433.jpg 768w, https:\/\/natureaventure.ca\/wp-content\/uploads\/canot-riviere-matapedia-gaspesie-1536x867.jpg 1536w, https:\/\/natureaventure.ca\/wp-content\/uploads\/canot-riviere-matapedia-gaspesie.jpg 1900w\" sizes=\"auto, (max-width: 500px) 100vw, 500px\" \/><\/a><\/figure>\n<\/figure>\n<\/div><\/div>\n\n\n\n<div class=\"wp-block-group block-on-fixed-background\"><div class=\"wp-block-group__inner-container is-layout-constrained wp-block-group-is-layout-constrained\">\n<h2 class=\"wp-block-heading has-text-align-center\">THE \u00ab&nbsp;MOUTH WATERING&nbsp;\u00bb TOUR<\/h2>\n\n\n\n<div class=\"wp-block-columns is-layout-flex wp-container-core-columns-is-layout-9d6595d7 wp-block-columns-is-layout-flex\">\n<div class=\"wp-block-column is-layout-flow wp-block-column-is-layout-flow\">\n<figure class=\"wp-block-image size-large\"><a href=\"https:\/\/natureaventure.ca\/wp-content\/uploads\/apnee3-copy-2.jpg\" data-lbwps-width=\"1900\" data-lbwps-height=\"1267\" data-lbwps-srcsmall=\"https:\/\/natureaventure.ca\/wp-content\/uploads\/apnee3-copy-2-500x333.jpg\"><img loading=\"lazy\" decoding=\"async\" width=\"1024\" height=\"683\" src=\"https:\/\/natureaventure.ca\/wp-content\/uploads\/apnee3-copy-2-1024x683.jpg\" alt=\"\" class=\"wp-image-7252\" style=\"aspect-ratio:1;object-fit:cover\" srcset=\"https:\/\/natureaventure.ca\/wp-content\/uploads\/apnee3-copy-2-1024x683.jpg 1024w, https:\/\/natureaventure.ca\/wp-content\/uploads\/apnee3-copy-2-500x333.jpg 500w, https:\/\/natureaventure.ca\/wp-content\/uploads\/apnee3-copy-2-300x200.jpg 300w, https:\/\/natureaventure.ca\/wp-content\/uploads\/apnee3-copy-2.jpg 1900w\" sizes=\"auto, (max-width: 1024px) 100vw, 1024px\" \/><\/a><\/figure>\n<\/div>\n\n\n\n<div class=\"wp-block-column is-layout-flow wp-block-column-is-layout-flow\">\n<p><strong>Duration:<\/strong>&nbsp;7 to 8 hours<br><strong>Price:<\/strong>&nbsp;$180 + taxes per person<br><strong>Price for youth (11-17):<\/strong>&nbsp;\u2013 10% discount<br><strong>Departure time:<\/strong>&nbsp;8h am<br><strong>Rivers :<\/strong>&nbsp;&nbsp;<a href=\"https:\/\/natureaventure.ca\/en\/rivers-maps\/\">Assemetquagan , Matapedia and Millstream<\/a><br><strong>Level :<\/strong>&nbsp;Intermediary<\/p>\n\n\n\n<p>This activity consists of snorkeling (mask and snorkel) in the river sometimes in natural pools , sometimes in small rapids. You will have to walk to the site desired with the guide and a river swim session will be done. This package also includes a river trip on a small section of the Matap\u00e9dia River.<\/p>\n\n\n\n<p>At mid-day, your guide will serve you a fabulous meal specially prepared by Chez Casimir, the restaurant of the village. He\/she will also talk about the salmon life cycle and behaviour in the river. You will then be more informed about the aquatic environment, the fauna and the flora, while respecting the other users of the river who also come to enjoy of the region of Matapedia.<\/p>\n\n\n\n<div class=\"wp-block-buttons is-content-justification-center is-layout-flex wp-container-core-buttons-is-layout-16018d1d wp-block-buttons-is-layout-flex\">\n<div class=\"wp-block-button\"><a class=\"wp-block-button__link wp-element-button\" href=\"https:\/\/natureaventure.ca\/en\/booking\/?activity_id=2512\">BOOK ONLINE<\/a><\/div>\n<\/div>\n<\/div>\n<\/div>\n<\/div><\/div>\n\n\n\n<div class=\"wp-block-group\"><div class=\"wp-block-group__inner-container is-layout-constrained wp-block-group-is-layout-constrained\">\n<h2 class=\"wp-block-heading has-text-align-center\">LEAVE NO TRACE!<\/h2>\n\n\n\n<p>To reduce the impact we have on Atlantic salmon, we recommend that you follow this&nbsp;outdoor code of ethics: <a href=\"https:\/\/leavenotrace.ca\/the-seven-principles-of-leave-no-trace\/\" target=\"_blank\" rel=\"noreferrer noopener\">The 7 principles to leave no trace!<\/a><\/p>\n<\/div><\/div>\n","protected":false},"excerpt":{"rendered":"<p>Our snorkeling tour is mouth watering, literally! A very unique activity that will allow you to swim with the king of our rivers: the Atlantic salmon. What better way to watch salmons than while floating above them? This activity consists of snorkeling (using a mask and snorkel)&nbsp;in&nbsp;the river,&nbsp;sometimes in pools and sometimes in small rapids. [&hellip;]<\/p>\n","protected":false},"author":5,"featured_media":4872,"parent":0,"menu_order":0,"comment_status":"closed","ping_status":"closed","template":"","meta":{"_acf_changed":false,"footnotes":""},"class_list":["post-1256","page","type-page","status-publish","has-post-thumbnail","hentry"],"acf":[],"yoast_head":"<!-- This site is optimized with the Yoast SEO plugin v27.4 - https:\/\/yoast.com\/product\/yoast-seo-wordpress\/ -->\n<title>Snorkeling tour with Atlantic Salmon Observation ! Gasp\u00e9sie, Quebec<\/title>\n<meta name=\"description\" content=\"In this Atlantic Salmon snorkeling tour of Nature Adventure, canoe or kayak down a river with a guide and snorkel the most crystal clear rivers of Gaspesie\" \/>\n<meta name=\"robots\" content=\"index, follow, max-snippet:-1, max-image-preview:large, max-video-preview:-1\" \/>\n<link rel=\"canonical\" href=\"https:\/\/natureaventure.ca\/en\/snorkeling-tour-salmon-observation\/\" \/>\n<meta property=\"og:locale\" content=\"en_US\" \/>\n<meta property=\"og:type\" content=\"article\" \/>\n<meta property=\"og:title\" content=\"Snorkeling tour with Atlantic Salmon Observation ! Gasp\u00e9sie, Quebec\" \/>\n<meta property=\"og:description\" content=\"In this Atlantic Salmon snorkeling tour of Nature Adventure, canoe or kayak down a river with a guide and snorkel the most crystal clear rivers of Gaspesie\" \/>\n<meta property=\"og:url\" content=\"https:\/\/natureaventure.ca\/en\/snorkeling-tour-salmon-observation\/\" \/>\n<meta property=\"og:site_name\" content=\"Nature Aventure, Matap\u00e9dia, QC\" \/>\n<meta property=\"article:publisher\" content=\"https:\/\/www.facebook.com\/NatureAventure\/\" \/>\n<meta property=\"article:modified_time\" content=\"2026-02-27T16:52:51+00:00\" \/>\n<meta property=\"og:image\" content=\"https:\/\/natureaventure.ca\/wp-content\/uploads\/apne\u0301e3.jpg\" \/>\n\t<meta property=\"og:image:width\" content=\"2268\" \/>\n\t<meta property=\"og:image:height\" content=\"1512\" \/>\n\t<meta property=\"og:image:type\" content=\"image\/jpeg\" \/>\n<meta name=\"twitter:card\" content=\"summary_large_image\" \/>\n<meta name=\"twitter:site\" content=\"@nature_aventure\" \/>\n<meta name=\"twitter:label1\" content=\"Est. reading time\" \/>\n\t<meta name=\"twitter:data1\" content=\"4 minutes\" \/>\n<script type=\"application\/ld+json\" class=\"yoast-schema-graph\">{\"@context\":\"https:\\\/\\\/schema.org\",\"@graph\":[{\"@type\":\"WebPage\",\"@id\":\"https:\\\/\\\/natureaventure.ca\\\/en\\\/snorkeling-tour-salmon-observation\\\/\",\"url\":\"https:\\\/\\\/natureaventure.ca\\\/en\\\/snorkeling-tour-salmon-observation\\\/\",\"name\":\"Snorkeling tour with Atlantic Salmon Observation ! Gasp\u00e9sie, Quebec\",\"isPartOf\":{\"@id\":\"https:\\\/\\\/natureaventure.ca\\\/en\\\/#website\"},\"primaryImageOfPage\":{\"@id\":\"https:\\\/\\\/natureaventure.ca\\\/en\\\/snorkeling-tour-salmon-observation\\\/#primaryimage\"},\"image\":{\"@id\":\"https:\\\/\\\/natureaventure.ca\\\/en\\\/snorkeling-tour-salmon-observation\\\/#primaryimage\"},\"thumbnailUrl\":\"https:\\\/\\\/natureaventure.ca\\\/wp-content\\\/uploads\\\/apne\u0301e3.jpg\",\"datePublished\":\"2015-01-11T00:53:47+00:00\",\"dateModified\":\"2026-02-27T16:52:51+00:00\",\"description\":\"In this Atlantic Salmon snorkeling tour of Nature Adventure, canoe or kayak down a river with a guide and snorkel the most crystal clear rivers of Gaspesie\",\"breadcrumb\":{\"@id\":\"https:\\\/\\\/natureaventure.ca\\\/en\\\/snorkeling-tour-salmon-observation\\\/#breadcrumb\"},\"inLanguage\":\"en-US\",\"potentialAction\":[{\"@type\":\"ReadAction\",\"target\":[\"https:\\\/\\\/natureaventure.ca\\\/en\\\/snorkeling-tour-salmon-observation\\\/\"]}]},{\"@type\":\"ImageObject\",\"inLanguage\":\"en-US\",\"@id\":\"https:\\\/\\\/natureaventure.ca\\\/en\\\/snorkeling-tour-salmon-observation\\\/#primaryimage\",\"url\":\"https:\\\/\\\/natureaventure.ca\\\/wp-content\\\/uploads\\\/apne\u0301e3.jpg\",\"contentUrl\":\"https:\\\/\\\/natureaventure.ca\\\/wp-content\\\/uploads\\\/apne\u0301e3.jpg\",\"width\":2268,\"height\":1512},{\"@type\":\"BreadcrumbList\",\"@id\":\"https:\\\/\\\/natureaventure.ca\\\/en\\\/snorkeling-tour-salmon-observation\\\/#breadcrumb\",\"itemListElement\":[{\"@type\":\"ListItem\",\"position\":1,\"name\":\"Accueil\",\"item\":\"https:\\\/\\\/natureaventure.ca\\\/en\\\/\"},{\"@type\":\"ListItem\",\"position\":2,\"name\":\"GUIDED RIVER SNORKELING TOUR WITH ATLANTIC SALMON OBSERVATION\"}]},{\"@type\":\"WebSite\",\"@id\":\"https:\\\/\\\/natureaventure.ca\\\/en\\\/#website\",\"url\":\"https:\\\/\\\/natureaventure.ca\\\/en\\\/\",\"name\":\"Nature Aventure, Matap\u00e9dia, QC\",\"description\":\"Canoe & Kayak, Matap\u00e9dia, Qu\u00e9bec\",\"potentialAction\":[{\"@type\":\"SearchAction\",\"target\":{\"@type\":\"EntryPoint\",\"urlTemplate\":\"https:\\\/\\\/natureaventure.ca\\\/en\\\/?s={search_term_string}\"},\"query-input\":{\"@type\":\"PropertyValueSpecification\",\"valueRequired\":true,\"valueName\":\"search_term_string\"}}],\"inLanguage\":\"en-US\"}]}<\/script>\n<!-- \/ Yoast SEO plugin. -->","yoast_head_json":{"title":"Snorkeling tour with Atlantic Salmon Observation ! Gasp\u00e9sie, Quebec","description":"In this Atlantic Salmon snorkeling tour of Nature Adventure, canoe or kayak down a river with a guide and snorkel the most crystal clear rivers of Gaspesie","robots":{"index":"index","follow":"follow","max-snippet":"max-snippet:-1","max-image-preview":"max-image-preview:large","max-video-preview":"max-video-preview:-1"},"canonical":"https:\/\/natureaventure.ca\/en\/snorkeling-tour-salmon-observation\/","og_locale":"en_US","og_type":"article","og_title":"Snorkeling tour with Atlantic Salmon Observation ! Gasp\u00e9sie, Quebec","og_description":"In this Atlantic Salmon snorkeling tour of Nature Adventure, canoe or kayak down a river with a guide and snorkel the most crystal clear rivers of Gaspesie","og_url":"https:\/\/natureaventure.ca\/en\/snorkeling-tour-salmon-observation\/","og_site_name":"Nature Aventure, Matap\u00e9dia, QC","article_publisher":"https:\/\/www.facebook.com\/NatureAventure\/","article_modified_time":"2026-02-27T16:52:51+00:00","og_image":[{"width":2268,"height":1512,"url":"https:\/\/natureaventure.ca\/wp-content\/uploads\/apne\u0301e3.jpg","type":"image\/jpeg"}],"twitter_card":"summary_large_image","twitter_site":"@nature_aventure","twitter_misc":{"Est. reading time":"4 minutes"},"schema":{"@context":"https:\/\/schema.org","@graph":[{"@type":"WebPage","@id":"https:\/\/natureaventure.ca\/en\/snorkeling-tour-salmon-observation\/","url":"https:\/\/natureaventure.ca\/en\/snorkeling-tour-salmon-observation\/","name":"Snorkeling tour with Atlantic Salmon Observation ! Gasp\u00e9sie, Quebec","isPartOf":{"@id":"https:\/\/natureaventure.ca\/en\/#website"},"primaryImageOfPage":{"@id":"https:\/\/natureaventure.ca\/en\/snorkeling-tour-salmon-observation\/#primaryimage"},"image":{"@id":"https:\/\/natureaventure.ca\/en\/snorkeling-tour-salmon-observation\/#primaryimage"},"thumbnailUrl":"https:\/\/natureaventure.ca\/wp-content\/uploads\/apne\u0301e3.jpg","datePublished":"2015-01-11T00:53:47+00:00","dateModified":"2026-02-27T16:52:51+00:00","description":"In this Atlantic Salmon snorkeling tour of Nature Adventure, canoe or kayak down a river with a guide and snorkel the most crystal clear rivers of Gaspesie","breadcrumb":{"@id":"https:\/\/natureaventure.ca\/en\/snorkeling-tour-salmon-observation\/#breadcrumb"},"inLanguage":"en-US","potentialAction":[{"@type":"ReadAction","target":["https:\/\/natureaventure.ca\/en\/snorkeling-tour-salmon-observation\/"]}]},{"@type":"ImageObject","inLanguage":"en-US","@id":"https:\/\/natureaventure.ca\/en\/snorkeling-tour-salmon-observation\/#primaryimage","url":"https:\/\/natureaventure.ca\/wp-content\/uploads\/apne\u0301e3.jpg","contentUrl":"https:\/\/natureaventure.ca\/wp-content\/uploads\/apne\u0301e3.jpg","width":2268,"height":1512},{"@type":"BreadcrumbList","@id":"https:\/\/natureaventure.ca\/en\/snorkeling-tour-salmon-observation\/#breadcrumb","itemListElement":[{"@type":"ListItem","position":1,"name":"Accueil","item":"https:\/\/natureaventure.ca\/en\/"},{"@type":"ListItem","position":2,"name":"GUIDED RIVER SNORKELING TOUR WITH ATLANTIC SALMON OBSERVATION"}]},{"@type":"WebSite","@id":"https:\/\/natureaventure.ca\/en\/#website","url":"https:\/\/natureaventure.ca\/en\/","name":"Nature Aventure, Matap\u00e9dia, QC","description":"Canoe & Kayak, Matap\u00e9dia, Qu\u00e9bec","potentialAction":[{"@type":"SearchAction","target":{"@type":"EntryPoint","urlTemplate":"https:\/\/natureaventure.ca\/en\/?s={search_term_string}"},"query-input":{"@type":"PropertyValueSpecification","valueRequired":true,"valueName":"search_term_string"}}],"inLanguage":"en-US"}]}},"_links":{"self":[{"href":"https:\/\/natureaventure.ca\/en\/wp-json\/wp\/v2\/pages\/1256","targetHints":{"allow":["GET"]}}],"collection":[{"href":"https:\/\/natureaventure.ca\/en\/wp-json\/wp\/v2\/pages"}],"about":[{"href":"https:\/\/natureaventure.ca\/en\/wp-json\/wp\/v2\/types\/page"}],"author":[{"embeddable":true,"href":"https:\/\/natureaventure.ca\/en\/wp-json\/wp\/v2\/users\/5"}],"replies":[{"embeddable":true,"href":"https:\/\/natureaventure.ca\/en\/wp-json\/wp\/v2\/comments?post=1256"}],"version-history":[{"count":2,"href":"https:\/\/natureaventure.ca\/en\/wp-json\/wp\/v2\/pages\/1256\/revisions"}],"predecessor-version":[{"id":7459,"href":"https:\/\/natureaventure.ca\/en\/wp-json\/wp\/v2\/pages\/1256\/revisions\/7459"}],"wp:featuredmedia":[{"embeddable":true,"href":"https:\/\/natureaventure.ca\/en\/wp-json\/wp\/v2\/media\/4872"}],"wp:attachment":[{"href":"https:\/\/natureaventure.ca\/en\/wp-json\/wp\/v2\/media?parent=1256"}],"curies":[{"name":"wp","href":"https:\/\/api.w.org\/{rel}","templated":true}]}}